{"id":7978,"date":"2025-03-26T16:22:45","date_gmt":"2025-03-26T16:22:45","guid":{"rendered":"https:\/\/brooklandlakeview.org\/south-university-partnership-2\/"},"modified":"2025-03-26T16:44:52","modified_gmt":"2025-03-26T16:44:52","slug":"marketing-media-services","status":"publish","type":"page","link":"https:\/\/brooklandlakeview.org\/es\/marketing-media-services\/","title":{"rendered":"Servicios de Marketing\/Medios de Comunicaci\u00f3n para el Proyecto SAFE"},"content":{"rendered":"\t\t<div data-elementor-type=\"wp-page\" data-elementor-id=\"7978\" class=\"elementor elementor-7978\">\n\t\t\t\t\t\t<section class=\"elementor-section elementor-top-section elementor-element elementor-element-7399b737 elementor-section-full_width heroCustomPosition elementor-section-height-default elementor-section-height-default\" data-id=\"7399b737\" data-element_type=\"section\">\n\t\t\t\t\t\t<div class=\"elementor-container elementor-column-gap-no\">\n\t\t\t\t\t<div class=\"elementor-column elementor-col-100 elementor-top-column elementor-element elementor-element-768b80d\" data-id=\"768b80d\" data-element_type=\"column\">\n\t\t\t<div class=\"elementor-widget-wrap elementor-element-populated\">\n\t\t\t\t\t\t<div class=\"elementor-element elementor-element-526f8106 elementor-widget elementor-widget-charite-banner-widget\" data-id=\"526f8106\" data-element_type=\"widget\" data-widget_type=\"charite-banner-widget.default\">\n\t\t\t\t<div class=\"elementor-widget-container\">\n\t\t\t\t\t\r\n    <!-- banner area start -->\r\n    <div class=\"hero-area bgs-cover overlay pt-155 pb-170\" style=\"background-image: url(https:\/\/brooklandlakeview.org\/wp-content\/uploads\/2024\/10\/Pop-up-Bike-Lane-Demon-2.png);\">\r\n        <div class=\"container container-1370\">\r\n            <div class=\"hero-content text-center text-white\">\r\n                                    <h1>New Opportunities Together<\/h1>\r\n                                                <div class=\"hero-btns pt-30 rpt-10\">\r\n                                                        <\/div>\r\n            <\/div>\r\n        <\/div>\r\n    <\/div>\r\n    <!-- banner area end -->\r\n\r\n\t\t\t\t<\/div>\n\t\t\t\t<\/div>\n\t\t\t\t\t<\/div>\n\t\t<\/div>\n\t\t\t\t\t<\/div>\n\t\t<\/section>\n\t\t<div class=\"elementor-element elementor-element-dcfcc1d e-flex e-con-boxed e-con e-parent\" data-id=\"dcfcc1d\" data-element_type=\"container\">\n\t\t\t\t\t<div class=\"e-con-inner\">\n\t\t\t\t<div class=\"elementor-element elementor-element-d8f7f03 section-title elementor-widget elementor-widget-text-editor\" data-id=\"d8f7f03\" data-element_type=\"widget\" data-widget_type=\"text-editor.default\">\n\t\t\t\t<div class=\"elementor-widget-container\">\n\t\t\t\t\t\t\t\t\t<p><span class=\"section-title__subtitle\">Servicios profesionales de medios de comunicaci\u00f3n y marketing<\/span><\/p>\n<h3>Campa\u00f1a medi\u00e1tica \u00abCuidado conmigo\u00bb para el Proyecto SAFE (Las calles son para todos)<\/h3>\n\t\t\t\t\t\t\t\t<\/div>\n\t\t\t\t<\/div>\n\t\t\t\t<div class=\"elementor-element elementor-element-d276e5c elementor-widget elementor-widget-text-editor\" data-id=\"d276e5c\" data-element_type=\"widget\" data-widget_type=\"text-editor.default\">\n\t\t\t\t<div class=\"elementor-widget-container\">\n\t\t\t\t\t\t\t\t\t<p>El Brookland-Lakeview Empowerment Center invita a los proveedores de servicios profesionales de medios de comunicaci\u00f3n\/marketing a que presenten una propuesta de anuncios digitales y en redes sociales sobre seguridad para peatones y ciclistas, folletos, televisi\u00f3n y dise\u00f1o gr\u00e1fico para el periodo comprendido entre abril de 2025 y septiembre de 2025.<\/p>\n\t\t\t\t\t\t\t\t<\/div>\n\t\t\t\t<\/div>\n\t\t\t\t<div class=\"elementor-element elementor-element-f237de3 elementor-widget elementor-widget-text-editor\" data-id=\"f237de3\" data-element_type=\"widget\" data-widget_type=\"text-editor.default\">\n\t\t\t\t<div class=\"elementor-widget-container\">\n\t\t\t\t\t\t\t\t\t<p><a href=\"https:\/\/brooklandlakeview.org\/wp-content\/uploads\/2025\/03\/SCBO-Advertisement.pdf\"><span style=\"text-decoration: underline;\">M\u00e1s informaci\u00f3n sobre el proyecto (RFP y Alcance del Trabajo).<\/span><\/a><\/p>\n\t\t\t\t\t\t\t\t<\/div>\n\t\t\t\t<\/div>\n\t\t\t\t\t<\/div>\n\t\t\t\t<\/div>\n\t\t<div class=\"elementor-element elementor-element-4833319 e-flex e-con-boxed e-con e-parent\" data-id=\"4833319\" data-element_type=\"container\">\n\t\t\t\t\t<div class=\"e-con-inner\">\n\t\t\t\t<div class=\"elementor-element elementor-element-a84f159 elementor-widget elementor-widget-spacer\" data-id=\"a84f159\" data-element_type=\"widget\" data-widget_type=\"spacer.default\">\n\t\t\t\t<div class=\"elementor-widget-container\">\n\t\t\t\t\t\t\t<div class=\"elementor-spacer\">\n\t\t\t<div class=\"elementor-spacer-inner\"><\/div>\n\t\t<\/div>\n\t\t\t\t\t\t<\/div>\n\t\t\t\t<\/div>\n\t\t\t\t\t<\/div>\n\t\t\t\t<\/div>\n\t\t\t\t<\/div>\n\t\t","protected":false},"excerpt":{"rendered":"<p>New Opportunities Together Servicios profesionales de medios de comunicaci\u00f3n y marketing Campa\u00f1a medi\u00e1tica \u00abCuidado conmigo\u00bb para el Proyecto SAFE (Las calles son para todos) El Brookland-Lakeview Empowerment Center invita a los proveedores de servicios profesionales de medios de comunicaci\u00f3n\/marketing a que presenten una propuesta de anuncios digitales y en redes sociales sobre seguridad para peatones [&hellip;]<\/p>\n","protected":false},"author":2,"featured_media":0,"parent":0,"menu_order":0,"comment_status":"closed","ping_status":"closed","template":"elementor_header_footer","meta":{"footnotes":""},"class_list":["post-7978","page","type-page","status-publish","hentry"],"_links":{"self":[{"href":"https:\/\/brooklandlakeview.org\/es\/wp-json\/wp\/v2\/pages\/7978","targetHints":{"allow":["GET"]}}],"collection":[{"href":"https:\/\/brooklandlakeview.org\/es\/wp-json\/wp\/v2\/pages"}],"about":[{"href":"https:\/\/brooklandlakeview.org\/es\/wp-json\/wp\/v2\/types\/page"}],"author":[{"embeddable":true,"href":"https:\/\/brooklandlakeview.org\/es\/wp-json\/wp\/v2\/users\/2"}],"replies":[{"embeddable":true,"href":"https:\/\/brooklandlakeview.org\/es\/wp-json\/wp\/v2\/comments?post=7978"}],"version-history":[{"count":4,"href":"https:\/\/brooklandlakeview.org\/es\/wp-json\/wp\/v2\/pages\/7978\/revisions"}],"predecessor-version":[{"id":7994,"href":"https:\/\/brooklandlakeview.org\/es\/wp-json\/wp\/v2\/pages\/7978\/revisions\/7994"}],"wp:attachment":[{"href":"https:\/\/brooklandlakeview.org\/es\/wp-json\/wp\/v2\/media?parent=7978"}],"curies":[{"name":"wp","href":"https:\/\/api.w.org\/{rel}","templated":true}]}}