{"id":6804,"date":"2023-07-26T16:04:52","date_gmt":"2023-07-26T16:04:52","guid":{"rendered":"https:\/\/brooklandlakeview.org\/contacta-con-nosotros\/"},"modified":"2024-12-19T03:27:28","modified_gmt":"2024-12-19T03:27:28","slug":"contact-us","status":"publish","type":"page","link":"https:\/\/brooklandlakeview.org\/es\/contact-us\/","title":{"rendered":"Contacta con nosotros"},"content":{"rendered":"\t\t<div data-elementor-type=\"wp-page\" data-elementor-id=\"6804\" class=\"elementor elementor-6804\">\n\t\t\t\t\t\t<section class=\"elementor-section elementor-top-section elementor-element elementor-element-dcb2b09 elementor-section-full_width elementor-section-height-default elementor-section-height-default\" data-id=\"dcb2b09\" data-element_type=\"section\">\n\t\t\t\t\t\t<div class=\"elementor-container elementor-column-gap-no\">\n\t\t\t\t\t<div class=\"elementor-column elementor-col-100 elementor-top-column elementor-element elementor-element-44e9c8ac\" data-id=\"44e9c8ac\" data-element_type=\"column\">\n\t\t\t<div class=\"elementor-widget-wrap elementor-element-populated\">\n\t\t\t\t\t\t<div class=\"elementor-element elementor-element-39b12c6a elementor-widget elementor-widget-charite-banner-widget\" data-id=\"39b12c6a\" data-element_type=\"widget\" data-widget_type=\"charite-banner-widget.default\">\n\t\t\t\t<div class=\"elementor-widget-container\">\n\t\t\t\t\t\r\n    <!-- banner area start -->\r\n    <div class=\"hero-area bgs-cover overlay pt-155 pb-170\" style=\"background-image: url(https:\/\/blec.rhodesstaging.com\/wp-content\/uploads\/2024\/02\/slider-1.jpg);\">\r\n        <div class=\"container container-1370\">\r\n            <div class=\"hero-content text-center text-white\">\r\n                                    <h1>Conecta con nosotras<\/h1>\r\n                                                    <p>Solicita apoyo e informaci\u00f3n o \u00fanete a nuestras iniciativas.<\/p>\r\n                                <div class=\"hero-btns pt-30 rpt-10\">\r\n                                                        <\/div>\r\n            <\/div>\r\n        <\/div>\r\n    <\/div>\r\n    <!-- banner area end -->\r\n\r\n\t\t\t\t<\/div>\n\t\t\t\t<\/div>\n\t\t\t\t\t<\/div>\n\t\t<\/div>\n\t\t\t\t\t<\/div>\n\t\t<\/section>\n\t\t\t\t<section class=\"elementor-section elementor-top-section elementor-element elementor-element-bad1bc7 elementor-section-full_width elementor-section-height-default elementor-section-height-default\" data-id=\"bad1bc7\" data-element_type=\"section\">\n\t\t\t\t\t\t<div class=\"elementor-container elementor-column-gap-no\">\n\t\t\t\t\t<div class=\"elementor-column elementor-col-100 elementor-top-column elementor-element elementor-element-ab0061f\" data-id=\"ab0061f\" data-element_type=\"column\">\n\t\t\t<div class=\"elementor-widget-wrap elementor-element-populated\">\n\t\t\t\t\t\t<div class=\"elementor-element elementor-element-ac6dc86 elementor-widget elementor-widget-charite-contact-widget\" data-id=\"ac6dc86\" data-element_type=\"widget\" data-widget_type=\"charite-contact-widget.default\">\n\t\t\t\t<div class=\"elementor-widget-container\">\n\t\t\t\t\t\r\n    <!-- Contact page area start -->\r\n    <div class=\"contact-page-area overflow-hidden py-120 rpt-100\">\r\n        <div class=\"container\">\r\n            <div class=\"row gap-60 align-items-center\">\r\n                <div class=\"col-lg-6\">\r\n                    <div class=\"faq-three-left-part mb-20 rel rmb-75\">\r\n                                                    <img decoding=\"async\" src=\"https:\/\/charite-theme.solverwp.com\/wp-content\/uploads\/2023\/08\/faq-left.png\" alt=\"faq-left\">\r\n                                                                            <div class=\"experiences-years\">\r\n                                                                    <span class=\"experiences-years__number\">120+ <\/span>\r\n                                                                                                    <span class=\"experiences-years__text\">familias atendidas por mes<\/span>\r\n                                                            <\/div>\r\n                                                                                                    <div class=\"project-complete\">\r\n                                <div class=\"project-complete__icon\">\r\n                                    <i class=\" flaticon-solidarity\"><\/i>\r\n                                <\/div>\r\n                                <div class=\"project-complete__content\">\r\n                                                                            <h5>25.000 personas atendidas<\/h5>\r\n                                                                                                                <span>por BLEC cada a\u00f1o<\/span>\r\n                                                                    <\/div>\r\n                            <\/div>\r\n                                            <\/div>\r\n                <\/div>\r\n                <div class=\"col-lg-6\">\r\n                    <div class=\"contact-page-form form-style-two py-110 rpy-85\">\r\n                                                    <div class=\"section-title mb-10\">\r\n                                                                    <span class=\"section-title__subtitle mb-10\">Contacta con nosotras<\/span>\r\n                                                                                                    <h3>H\u00e1ganos saber c\u00f3mo podemos ayudarle.<\/h3>\r\n                                                                                                    <p class=\"contact-summry-two mb-10\">Estamos aqu\u00ed para responder cualquier pregunta que pueda tener sobre nuestros programas o c\u00f3mo puede participar. Si est\u00e1 interesado en participar, donar o simplemente aprender m\u00e1s, no dude en ponerse en contacto.<\/p>\r\n                                                            <\/div>\r\n                        \r\n                                                    \n<div class=\"wpcf7 no-js\" id=\"wpcf7-f6832-o1\" lang=\"es-ES\" dir=\"ltr\" data-wpcf7-id=\"6832\">\n<div class=\"screen-reader-response\"><p role=\"status\" aria-live=\"polite\" aria-atomic=\"true\"><\/p> <ul><\/ul><\/div>\n<form action=\"\/es\/wp-json\/wp\/v2\/pages\/6804#wpcf7-f6832-o1\" method=\"post\" class=\"wpcf7-form init\" aria-label=\"Formulario de contacto\" novalidate=\"novalidate\" data-status=\"init\">\n<fieldset class=\"hidden-fields-container\"><input type=\"hidden\" name=\"_wpcf7\" value=\"6832\" \/><input type=\"hidden\" name=\"_wpcf7_version\" value=\"6.1.5\" \/><input type=\"hidden\" name=\"_wpcf7_locale\" value=\"es_ES\" \/><input type=\"hidden\" name=\"_wpcf7_unit_tag\" value=\"wpcf7-f6832-o1\" \/><input type=\"hidden\" name=\"_wpcf7_container_post\" value=\"0\" \/><input type=\"hidden\" name=\"_wpcf7_posted_data_hash\" value=\"\" \/>\n<\/fieldset>\n<div class=\"row\">\n\t<div class=\"col-sm-12\">\n\t\t<div class=\"form-group\">\n\t\t\t<p><label for=\"name\">Tu nombre<\/label><br \/>\n<span class=\"wpcf7-form-control-wrap\" data-name=\"text-474\"><input size=\"40\" maxlength=\"400\" class=\"wpcf7-form-control wpcf7-text wpcf7-validates-as-required form-control\" id=\"name\" aria-required=\"true\" aria-invalid=\"false\" placeholder=\"Tu nombre\" value=\"\" type=\"text\" name=\"text-474\" \/><\/span>\n\t\t\t<\/p>\n\t\t<\/div>\n\t<\/div>\n\t<div class=\"col-sm-6\">\n\t\t<div class=\"form-group\">\n\t\t\t<p><label for=\"email\">Tu correo electr\u00f3nico<\/label><br \/>\n<span class=\"wpcf7-form-control-wrap\" data-name=\"email-870\"><input size=\"40\" maxlength=\"400\" class=\"wpcf7-form-control wpcf7-email wpcf7-validates-as-required wpcf7-text wpcf7-validates-as-email form-control\" id=\"email\" aria-required=\"true\" aria-invalid=\"false\" placeholder=\"Direcci\u00f3n de correo electr\u00f3nico\" value=\"\" type=\"email\" name=\"email-870\" \/><\/span>\n\t\t\t<\/p>\n\t\t<\/div>\n\t<\/div>\n\t<div class=\"col-sm-6\">\n\t\t<div class=\"form-group\">\n\t\t\t<p><label for=\"phone_number\">N\u00famero de tel\u00e9fono<\/label><br \/>\n<span class=\"wpcf7-form-control-wrap\" data-name=\"tel-99\"><input size=\"40\" maxlength=\"400\" class=\"wpcf7-form-control wpcf7-tel wpcf7-validates-as-required wpcf7-text wpcf7-validates-as-tel form-control\" id=\"phone_number\" aria-required=\"true\" aria-invalid=\"false\" placeholder=\"N\u00famero de tel\u00e9fono\" value=\"\" type=\"tel\" name=\"tel-99\" \/><\/span>\n\t\t\t<\/p>\n\t\t<\/div>\n\t<\/div>\n\t<div class=\"col-md-12\">\n\t\t<div class=\"form-group\">\n\t\t\t<p><label for=\"message\">Mensaje<\/label><br \/>\n<span class=\"wpcf7-form-control-wrap\" data-name=\"textarea-531\"><textarea cols=\"40\" rows=\"10\" maxlength=\"2000\" class=\"wpcf7-form-control wpcf7-textarea wpcf7-validates-as-required form-control\" id=\"message\" aria-required=\"true\" aria-invalid=\"false\" placeholder=\"Escribe tus mensajes\" name=\"textarea-531\"><\/textarea><\/span>\n\t\t\t<\/p>\n\t\t<\/div>\n\t<\/div>\n\t<div class=\"col-md-12\">\n\t\t<div class=\"form-group pt-10 mb-0\">\n\t\t\t<p><button type=\"submit\" class=\"btn ml-5\">Env\u00edanos un mensaje<\/button>\n\t\t\t<\/p>\n\t\t<\/div>\n\t<\/div>\n<\/div><p style=\"display: none !important;\" class=\"akismet-fields-container\" data-prefix=\"_wpcf7_ak_\"><label>&#916;<textarea name=\"_wpcf7_ak_hp_textarea\" cols=\"45\" rows=\"8\" maxlength=\"100\"><\/textarea><\/label><input type=\"hidden\" id=\"ak_js_1\" name=\"_wpcf7_ak_js\" value=\"227\"\/><script>document.getElementById( \"ak_js_1\" ).setAttribute( \"value\", ( new Date() ).getTime() );<\/script><\/p><div class=\"wpcf7-response-output\" aria-hidden=\"true\"><\/div>\n<\/form>\n<\/div>\n                        \r\n                    <\/div>\r\n                <\/div>\r\n            <\/div>\r\n        <\/div>\r\n    <\/div>\r\n    <!-- Contact page area end -->\r\n\t\t\t\t<\/div>\n\t\t\t\t<\/div>\n\t\t\t\t\t<\/div>\n\t\t<\/div>\n\t\t\t\t\t<\/div>\n\t\t<\/section>\n\t\t\t\t<section class=\"elementor-section elementor-top-section elementor-element elementor-element-1665d99 elementor-section-full_width elementor-section-height-default elementor-section-height-default\" data-id=\"1665d99\" data-element_type=\"section\">\n\t\t\t\t\t\t<div class=\"elementor-container elementor-column-gap-no\">\n\t\t\t\t\t<div class=\"elementor-column elementor-col-100 elementor-top-column elementor-element elementor-element-f66c419\" data-id=\"f66c419\" data-element_type=\"column\">\n\t\t\t<div class=\"elementor-widget-wrap elementor-element-populated\">\n\t\t\t\t\t\t<div class=\"elementor-element elementor-element-8183de1 elementor-widget elementor-widget-charite-call-to-action-widget\" data-id=\"8183de1\" data-element_type=\"widget\" data-widget_type=\"charite-call-to-action-widget.default\">\n\t\t\t\t<div class=\"elementor-widget-container\">\n\t\t\t\t\t    <!-- Contact Info area start -->\r\n    <div class=\"contact-info-area pb-85\">\r\n        <div class=\"container\">\r\n                            <div class=\"row justify-content-center\">\r\n                                            <div class=\"col-md-4 col-sm-6\">\r\n                            <div class=\"contact-info-item contact-info-item--1\">\r\n                                <div class=\"contact-info__icon\"><i class=\" flaticon-phone-call\"><\/i><\/div>\r\n                                                                    <h5>Phone Number<\/h5>\r\n                                                                <div class=\"contact-info__text\">\r\n                                                                           <p class=\"mb-0 pb-0\">\r\n                                            <a href=\"(803) 744-7943\">(803) 744-7943<\/a>                                        <\/p>\r\n                                                                                                        <\/div>\r\n                            <\/div>\r\n                        <\/div>\r\n                                            <div class=\"col-md-4 col-sm-6\">\r\n                            <div class=\"contact-info-item contact-info-item--2\">\r\n                                <div class=\"contact-info__icon\"><i class=\"fas fa-paper-plane\"><\/i><\/div>\r\n                                                                    <h5>Email Address<\/h5>\r\n                                                                <div class=\"contact-info__text\">\r\n                                                                           <p class=\"mb-0 pb-0\">\r\n                                            <a href=\"mailto:lakeview@brookland.cc\">lakeview@brookland.cc<\/a>                                        <\/p>\r\n                                                                                                        <\/div>\r\n                            <\/div>\r\n                        <\/div>\r\n                                            <div class=\"col-md-4 col-sm-6\">\r\n                            <div class=\"contact-info-item contact-info-item--3\">\r\n                                <div class=\"contact-info__icon\"><i class=\" flaticon-pin\"><\/i><\/div>\r\n                                                                    <h5>Office address<\/h5>\r\n                                                                <div class=\"contact-info__text\">\r\n                                                                           <p class=\"mb-0 pb-0\">\r\n                                            \n1218 Batchelor Street<br>\nWest Columbia, SC 29169                                        <\/p>\r\n                                                                                                        <\/div>\r\n                            <\/div>\r\n                        <\/div>\r\n                                    <\/div>\r\n                    <\/div>\r\n    <\/div>\r\n    <!-- Contact Info area end -->\r\n\t\t\t\t<\/div>\n\t\t\t\t<\/div>\n\t\t\t\t\t<\/div>\n\t\t<\/div>\n\t\t\t\t\t<\/div>\n\t\t<\/section>\n\t\t<div class=\"elementor-element elementor-element-f4d88e0 e-grid e-con-boxed e-con e-parent\" data-id=\"f4d88e0\" data-element_type=\"container\">\n\t\t\t\t\t<div class=\"e-con-inner\">\n\t\t\t\t<div class=\"elementor-element elementor-element-af860f3 elementor-widget elementor-widget-text-editor\" data-id=\"af860f3\" data-element_type=\"widget\" data-widget_type=\"text-editor.default\">\n\t\t\t\t<div class=\"elementor-widget-container\">\n\t\t\t\t\t\t\t\t\t<p>Dra. Cindye Richburg Cotton, Directora Ejecutiva<br \/>Correo electr\u00f3nico: <a href=\"mailto:crichburgcotton@brookland.cc\">crichburgcotton@brookland.cc<\/a><br \/>Despacho: (803) 744-1975 M\u00f3vil: (803) 747-3519<\/p>\t\t\t\t\t\t\t\t<\/div>\n\t\t\t\t<\/div>\n\t\t\t\t\t<\/div>\n\t\t\t\t<\/div>\n\t\t\t\t<section class=\"elementor-section elementor-top-section elementor-element elementor-element-6f28fa8 elementor-section-full_width elementor-section-height-default elementor-section-height-default\" data-id=\"6f28fa8\" data-element_type=\"section\">\n\t\t\t\t\t\t<div class=\"elementor-container elementor-column-gap-no\">\n\t\t\t\t\t<div class=\"elementor-column elementor-col-100 elementor-top-column elementor-element elementor-element-60faa42\" data-id=\"60faa42\" data-element_type=\"column\">\n\t\t\t<div class=\"elementor-widget-wrap elementor-element-populated\">\n\t\t\t\t\t\t<div class=\"elementor-element elementor-element-39ebb6a elementor-widget elementor-widget-google_maps\" data-id=\"39ebb6a\" data-element_type=\"widget\" data-widget_type=\"google_maps.default\">\n\t\t\t\t<div class=\"elementor-widget-container\">\n\t\t\t\t\t\t\t<div class=\"elementor-custom-embed\">\n\t\t\t<iframe loading=\"lazy\"\n\t\t\t\t\tsrc=\"https:\/\/maps.google.com\/maps?q=1218%20Batchelor%20St%2C%20West%20Columbia%2C%20SC%2029169&#038;t=m&#038;z=10&#038;output=embed&#038;iwloc=near\"\n\t\t\t\t\ttitle=\"1218 Batchelor St, West Columbia, SC 29169\"\n\t\t\t\t\taria-label=\"1218 Batchelor St, West Columbia, SC 29169\"\n\t\t\t><\/iframe>\n\t\t<\/div>\n\t\t\t\t\t\t<\/div>\n\t\t\t\t<\/div>\n\t\t\t\t\t<\/div>\n\t\t<\/div>\n\t\t\t\t\t<\/div>\n\t\t<\/section>\n\t\t<div class=\"elementor-element elementor-element-94b8a8a e-flex e-con-boxed e-con e-parent\" data-id=\"94b8a8a\" data-element_type=\"container\">\n\t\t\t\t\t<div class=\"e-con-inner\">\n\t\t\t\t\t<\/div>\n\t\t\t\t<\/div>\n\t\t<div class=\"elementor-element elementor-element-8b0f1cf e-flex e-con-boxed e-con e-parent\" data-id=\"8b0f1cf\" data-element_type=\"container\">\n\t\t\t\t\t<div class=\"e-con-inner\">\n\t\t\t\t\t<\/div>\n\t\t\t\t<\/div>\n\t\t\t\t<\/div>\n\t\t","protected":false},"excerpt":{"rendered":"<p>Conecta con nosotras Solicita apoyo e informaci\u00f3n o \u00fanete a nuestras iniciativas. 120+ familias atendidas por mes 25.000 personas atendidas por BLEC cada a\u00f1o Contacta con nosotras H\u00e1ganos saber c\u00f3mo podemos ayudarle. Estamos aqu\u00ed para responder cualquier pregunta que pueda tener sobre nuestros programas o c\u00f3mo puede participar. Si est\u00e1 interesado en participar, donar o [&hellip;]<\/p>\n","protected":false},"author":1,"featured_media":0,"parent":0,"menu_order":0,"comment_status":"closed","ping_status":"closed","template":"elementor_header_footer","meta":{"footnotes":""},"class_list":["post-6804","page","type-page","status-publish","hentry"],"_links":{"self":[{"href":"https:\/\/brooklandlakeview.org\/es\/wp-json\/wp\/v2\/pages\/6804","targetHints":{"allow":["GET"]}}],"collection":[{"href":"https:\/\/brooklandlakeview.org\/es\/wp-json\/wp\/v2\/pages"}],"about":[{"href":"https:\/\/brooklandlakeview.org\/es\/wp-json\/wp\/v2\/types\/page"}],"author":[{"embeddable":true,"href":"https:\/\/brooklandlakeview.org\/es\/wp-json\/wp\/v2\/users\/1"}],"replies":[{"embeddable":true,"href":"https:\/\/brooklandlakeview.org\/es\/wp-json\/wp\/v2\/comments?post=6804"}],"version-history":[{"count":9,"href":"https:\/\/brooklandlakeview.org\/es\/wp-json\/wp\/v2\/pages\/6804\/revisions"}],"predecessor-version":[{"id":7523,"href":"https:\/\/brooklandlakeview.org\/es\/wp-json\/wp\/v2\/pages\/6804\/revisions\/7523"}],"wp:attachment":[{"href":"https:\/\/brooklandlakeview.org\/es\/wp-json\/wp\/v2\/media?parent=6804"}],"curies":[{"name":"wp","href":"https:\/\/api.w.org\/{rel}","templated":true}]}}