{"id":6779,"date":"2023-07-26T16:04:53","date_gmt":"2023-07-26T16:04:53","guid":{"rendered":"https:\/\/brooklandlakeview.org\/blog\/"},"modified":"2024-12-17T10:37:20","modified_gmt":"2024-12-17T10:37:20","slug":"blog","status":"publish","type":"page","link":"https:\/\/brooklandlakeview.org\/es\/blog\/","title":{"rendered":"Blog"},"content":{"rendered":"\t\t<div data-elementor-type=\"wp-page\" data-elementor-id=\"6779\" class=\"elementor elementor-6779\">\n\t\t\t\t\t\t<section class=\"elementor-section elementor-top-section elementor-element elementor-element-cc2ffae elementor-section-full_width elementor-section-height-default elementor-section-height-default\" data-id=\"cc2ffae\" data-element_type=\"section\">\n\t\t\t\t\t\t<div class=\"elementor-container elementor-column-gap-no\">\n\t\t\t\t\t<div class=\"elementor-column elementor-col-100 elementor-top-column elementor-element elementor-element-fcb9901\" data-id=\"fcb9901\" data-element_type=\"column\">\n\t\t\t<div class=\"elementor-widget-wrap elementor-element-populated\">\n\t\t\t\t\t\t<div class=\"elementor-element elementor-element-122cce7 elementor-widget elementor-widget-charite-blog-widget\" data-id=\"122cce7\" data-element_type=\"widget\" data-widget_type=\"charite-blog-widget.default\">\n\t\t\t\t<div class=\"elementor-widget-container\">\n\t\t\t\t\t\r\n    <div class=\"blog-area pt-120 pb-90 rel z-1\">\r\n        <div class=\"container\">\r\n                            <div class=\"row justify-content-center\">\r\n                    <div class=\"col-xl-x col-lg-8 col-md-10\">\r\n                        <div class=\"section-title text-center mb-60\">\r\n                                                                                                            <\/div>\r\n                    <\/div>\r\n                <\/div>\r\n                        <div class=\"row justify-content-center\">\r\n                                                    <div class=\"col-xl-4 col-md-6\">\r\n                        <div class=\"blog-item\">\r\n                                                            <div class=\"blog-item__img\">\r\n                                    <img fetchpriority=\"high\" decoding=\"async\" width=\"416\" height=\"267\" src=\"https:\/\/brooklandlakeview.org\/wp-content\/uploads\/2025\/03\/BLEC-Community-Development-Institute-416x267.jpg\" class=\"attachment-charite_blog__416X267 size-charite_blog__416X267 wp-post-image\" alt=\"Cartel del Registro Nacional de Lugares Hist\u00f3ricos\" srcset=\"https:\/\/brooklandlakeview.org\/wp-content\/uploads\/2025\/03\/BLEC-Community-Development-Institute-416x267.jpg 416w, https:\/\/brooklandlakeview.org\/wp-content\/uploads\/2025\/03\/BLEC-Community-Development-Institute-388x250.jpg 388w, https:\/\/brooklandlakeview.org\/wp-content\/uploads\/2025\/03\/BLEC-Community-Development-Institute-373x240.jpg 373w, https:\/\/brooklandlakeview.org\/wp-content\/uploads\/2025\/03\/BLEC-Community-Development-Institute-640x412.jpg 640w\" sizes=\"(max-width: 416px) 100vw, 416px\" \/>                                    <div class=\"post-date\">\r\n                                        <b>25<\/b>\r\n                                        <span>Mar<\/span>\r\n                                    <\/div>\r\n                                <\/div>\r\n                                                        <div class=\"blog-item__content\">\r\n                                <ul class=\"blog-meta\">\r\n                                    <li><span class=\"byline\"> <span class=\"author vcard\"><i aria-hidden=\"true\" class=\"flaticon-user\"><\/i><a class=\"url fn n\" href=\"https:\/\/brooklandlakeview.org\/es\/author\/hellorhode\/\">hellorhode<\/a><\/span><\/span><\/li>\r\n                                    <li><i class=\"flaticon-bubble-chat\"><\/i><a href=\"https:\/\/brooklandlakeview.org\/es\/community-development-institute\/#respond\">No hay comentarios<span class=\"screen-reader-text\"> en Instituto de Desarrollo Comunitario de Brookland-Lakeview<\/span><\/a><\/li>\r\n                                <\/ul>\r\n                                <h4><a href=\"https:\/\/brooklandlakeview.org\/es\/community-development-institute\/\">Instituto de Desarrollo Comunitario de Brookland-Lakeview<\/a><\/h4>\r\n                                <p>Brookland-Lakeview Instituto de Desarrollo Comunitario El Instituto de Desarrollo Comunitario (CDI) ofrece servicios de gesti\u00f3n<\/p>\r\n                                <a href=\"https:\/\/brooklandlakeview.org\/es\/community-development-institute\/\" class=\"read-more\">Read More<\/a>\r\n                            <\/div>\r\n                        <\/div>\r\n                    <\/div>\r\n                                    <div class=\"col-xl-4 col-md-6\">\r\n                        <div class=\"blog-item\">\r\n                                                            <div class=\"blog-item__img\">\r\n                                    <img decoding=\"async\" width=\"416\" height=\"267\" src=\"https:\/\/brooklandlakeview.org\/wp-content\/uploads\/2024\/07\/Helping-Families-1-416x267.jpg\" class=\"attachment-charite_blog__416X267 size-charite_blog__416X267 wp-post-image\" alt=\"\" srcset=\"https:\/\/brooklandlakeview.org\/wp-content\/uploads\/2024\/07\/Helping-Families-1-416x267.jpg 416w, https:\/\/brooklandlakeview.org\/wp-content\/uploads\/2024\/07\/Helping-Families-1-388x250.jpg 388w, https:\/\/brooklandlakeview.org\/wp-content\/uploads\/2024\/07\/Helping-Families-1-373x240.jpg 373w\" sizes=\"(max-width: 416px) 100vw, 416px\" \/>                                    <div class=\"post-date\">\r\n                                        <b>22<\/b>\r\n                                        <span>Oct<\/span>\r\n                                    <\/div>\r\n                                <\/div>\r\n                                                        <div class=\"blog-item__content\">\r\n                                <ul class=\"blog-meta\">\r\n                                    <li><span class=\"byline\"> <span class=\"author vcard\"><i aria-hidden=\"true\" class=\"flaticon-user\"><\/i><a class=\"url fn n\" href=\"https:\/\/brooklandlakeview.org\/es\/author\/hellorhode\/\">hellorhode<\/a><\/span><\/span><\/li>\r\n                                    <li><i class=\"flaticon-bubble-chat\"><\/i><a href=\"https:\/\/brooklandlakeview.org\/es\/project-safe-initiative\/#respond\">No hay comentarios<span class=\"screen-reader-text\"> en Iniciativa Proyecto SAFE<\/span><\/a><\/li>\r\n                                <\/ul>\r\n                                <h4><a href=\"https:\/\/brooklandlakeview.org\/es\/project-safe-initiative\/\">Iniciativa Proyecto SAFE<\/a><\/h4>\r\n                                <p>Iniciativa Proyecto SAFE Financiado por el Departamento de Seguridad P\u00fablica de Carolina del Sur A<\/p>\r\n                                <a href=\"https:\/\/brooklandlakeview.org\/es\/project-safe-initiative\/\" class=\"read-more\">Read More<\/a>\r\n                            <\/div>\r\n                        <\/div>\r\n                    <\/div>\r\n                                    <div class=\"col-xl-4 col-md-6\">\r\n                        <div class=\"blog-item\">\r\n                                                            <div class=\"blog-item__img\">\r\n                                    <img decoding=\"async\" width=\"416\" height=\"267\" src=\"https:\/\/brooklandlakeview.org\/wp-content\/uploads\/2024\/07\/Food-Policy-Coalition-3-416x267.jpg\" class=\"attachment-charite_blog__416X267 size-charite_blog__416X267 wp-post-image\" alt=\"\" srcset=\"https:\/\/brooklandlakeview.org\/wp-content\/uploads\/2024\/07\/Food-Policy-Coalition-3-416x267.jpg 416w, https:\/\/brooklandlakeview.org\/wp-content\/uploads\/2024\/07\/Food-Policy-Coalition-3-388x250.jpg 388w, https:\/\/brooklandlakeview.org\/wp-content\/uploads\/2024\/07\/Food-Policy-Coalition-3-373x240.jpg 373w\" sizes=\"(max-width: 416px) 100vw, 416px\" \/>                                    <div class=\"post-date\">\r\n                                        <b>28<\/b>\r\n                                        <span>Jul<\/span>\r\n                                    <\/div>\r\n                                <\/div>\r\n                                                        <div class=\"blog-item__content\">\r\n                                <ul class=\"blog-meta\">\r\n                                    <li><span class=\"byline\"> <span class=\"author vcard\"><i aria-hidden=\"true\" class=\"flaticon-user\"><\/i><a class=\"url fn n\" href=\"https:\/\/brooklandlakeview.org\/es\/author\/rhodesbranding\/\">rhodesbranding<\/a><\/span><\/span><\/li>\r\n                                    <li><i class=\"flaticon-bubble-chat\"><\/i><a href=\"https:\/\/brooklandlakeview.org\/es\/coalicion-de-politica-alimentaria\/#respond\">No hay comentarios<span class=\"screen-reader-text\"> en Coalici\u00f3n de Pol\u00edtica Alimentaria<\/span><\/a><\/li>\r\n                                <\/ul>\r\n                                <h4><a href=\"https:\/\/brooklandlakeview.org\/es\/coalicion-de-politica-alimentaria\/\">Coalici\u00f3n de Pol\u00edtica Alimentaria<\/a><\/h4>\r\n                                <p>Coalici\u00f3n de Pol\u00edtica Alimentaria WeCo-Cayce \u00danete a nuestra misi\u00f3n de combatir la inseguridad alimentaria y<\/p>\r\n                                <a href=\"https:\/\/brooklandlakeview.org\/es\/coalicion-de-politica-alimentaria\/\" class=\"read-more\">Read More<\/a>\r\n                            <\/div>\r\n                        <\/div>\r\n                    <\/div>\r\n                                    <div class=\"col-xl-4 col-md-6\">\r\n                        <div class=\"blog-item\">\r\n                                                            <div class=\"blog-item__img\">\r\n                                    <img loading=\"lazy\" decoding=\"async\" width=\"416\" height=\"267\" src=\"https:\/\/brooklandlakeview.org\/wp-content\/uploads\/2024\/07\/Clothing-and-More-bank-1-416x267.jpg\" class=\"attachment-charite_blog__416X267 size-charite_blog__416X267 wp-post-image\" alt=\"\" srcset=\"https:\/\/brooklandlakeview.org\/wp-content\/uploads\/2024\/07\/Clothing-and-More-bank-1-416x267.jpg 416w, https:\/\/brooklandlakeview.org\/wp-content\/uploads\/2024\/07\/Clothing-and-More-bank-1-388x250.jpg 388w, https:\/\/brooklandlakeview.org\/wp-content\/uploads\/2024\/07\/Clothing-and-More-bank-1-373x240.jpg 373w\" sizes=\"(max-width: 416px) 100vw, 416px\" \/>                                    <div class=\"post-date\">\r\n                                        <b>28<\/b>\r\n                                        <span>Jul<\/span>\r\n                                    <\/div>\r\n                                <\/div>\r\n                                                        <div class=\"blog-item__content\">\r\n                                <ul class=\"blog-meta\">\r\n                                    <li><span class=\"byline\"> <span class=\"author vcard\"><i aria-hidden=\"true\" class=\"flaticon-user\"><\/i><a class=\"url fn n\" href=\"https:\/\/brooklandlakeview.org\/es\/author\/rhodesbranding\/\">rhodesbranding<\/a><\/span><\/span><\/li>\r\n                                    <li><i class=\"flaticon-bubble-chat\"><\/i><a href=\"https:\/\/brooklandlakeview.org\/es\/we-care-2-banco-de-ropa-y-mas\/#respond\">No hay comentarios<span class=\"screen-reader-text\"> en WE CARE 2: Banco de Ropa y M\u00e1s<\/span><\/a><\/li>\r\n                                <\/ul>\r\n                                <h4><a href=\"https:\/\/brooklandlakeview.org\/es\/we-care-2-banco-de-ropa-y-mas\/\">WE CARE 2: Banco de Ropa y M\u00e1s<\/a><\/h4>\r\n                                <p>WE CARE 2: Banco de Ropa y M\u00e1s Nuestro programa WE CARE 2 se dedica<\/p>\r\n                                <a href=\"https:\/\/brooklandlakeview.org\/es\/we-care-2-banco-de-ropa-y-mas\/\" class=\"read-more\">Read More<\/a>\r\n                            <\/div>\r\n                        <\/div>\r\n                    <\/div>\r\n                                    <div class=\"col-xl-4 col-md-6\">\r\n                        <div class=\"blog-item\">\r\n                                                            <div class=\"blog-item__img\">\r\n                                    <img loading=\"lazy\" decoding=\"async\" width=\"416\" height=\"267\" src=\"https:\/\/brooklandlakeview.org\/wp-content\/uploads\/2024\/07\/Mental-Health-First-Aid-1-416x267.jpg\" class=\"attachment-charite_blog__416X267 size-charite_blog__416X267 wp-post-image\" alt=\"\" srcset=\"https:\/\/brooklandlakeview.org\/wp-content\/uploads\/2024\/07\/Mental-Health-First-Aid-1-416x267.jpg 416w, https:\/\/brooklandlakeview.org\/wp-content\/uploads\/2024\/07\/Mental-Health-First-Aid-1-388x250.jpg 388w, https:\/\/brooklandlakeview.org\/wp-content\/uploads\/2024\/07\/Mental-Health-First-Aid-1-373x240.jpg 373w\" sizes=\"(max-width: 416px) 100vw, 416px\" \/>                                    <div class=\"post-date\">\r\n                                        <b>28<\/b>\r\n                                        <span>Jul<\/span>\r\n                                    <\/div>\r\n                                <\/div>\r\n                                                        <div class=\"blog-item__content\">\r\n                                <ul class=\"blog-meta\">\r\n                                    <li><span class=\"byline\"> <span class=\"author vcard\"><i aria-hidden=\"true\" class=\"flaticon-user\"><\/i><a class=\"url fn n\" href=\"https:\/\/brooklandlakeview.org\/es\/author\/rhodesbranding\/\">rhodesbranding<\/a><\/span><\/span><\/li>\r\n                                    <li><i class=\"flaticon-bubble-chat\"><\/i><span>Comentarios desactivados<span class=\"screen-reader-text\"> en Programa de la Iniciativa de Formaci\u00f3n para la Concienciaci\u00f3n sobre la Salud Mental<\/span><\/span><\/li>\r\n                                <\/ul>\r\n                                <h4><a href=\"https:\/\/brooklandlakeview.org\/es\/programa-de-la-iniciativa-de-formacion-para-la-concienciacion-sobre-la-salud-mental\/\">Programa de la Iniciativa de Formaci\u00f3n para la Concienciaci\u00f3n sobre la Salud Mental<\/a><\/h4>\r\n                                <p>Iniciativa de Formaci\u00f3n para la Concienciaci\u00f3n sobre la Salud Mental Aprende a apoyar el bienestar<\/p>\r\n                                <a href=\"https:\/\/brooklandlakeview.org\/es\/programa-de-la-iniciativa-de-formacion-para-la-concienciacion-sobre-la-salud-mental\/\" class=\"read-more\">Read More<\/a>\r\n                            <\/div>\r\n                        <\/div>\r\n                    <\/div>\r\n                                    <div class=\"col-xl-4 col-md-6\">\r\n                        <div class=\"blog-item\">\r\n                                                            <div class=\"blog-item__img\">\r\n                                    <img decoding=\"async\" width=\"416\" height=\"267\" src=\"https:\/\/brooklandlakeview.org\/wp-content\/uploads\/2024\/07\/Helping-Families-1-416x267.jpg\" class=\"attachment-charite_blog__416X267 size-charite_blog__416X267 wp-post-image\" alt=\"\" srcset=\"https:\/\/brooklandlakeview.org\/wp-content\/uploads\/2024\/07\/Helping-Families-1-416x267.jpg 416w, https:\/\/brooklandlakeview.org\/wp-content\/uploads\/2024\/07\/Helping-Families-1-388x250.jpg 388w, https:\/\/brooklandlakeview.org\/wp-content\/uploads\/2024\/07\/Helping-Families-1-373x240.jpg 373w\" sizes=\"(max-width: 416px) 100vw, 416px\" \/>                                    <div class=\"post-date\">\r\n                                        <b>28<\/b>\r\n                                        <span>Jul<\/span>\r\n                                    <\/div>\r\n                                <\/div>\r\n                                                        <div class=\"blog-item__content\">\r\n                                <ul class=\"blog-meta\">\r\n                                    <li><span class=\"byline\"> <span class=\"author vcard\"><i aria-hidden=\"true\" class=\"flaticon-user\"><\/i><a class=\"url fn n\" href=\"https:\/\/brooklandlakeview.org\/es\/author\/rhodesbranding\/\">rhodesbranding<\/a><\/span><\/span><\/li>\r\n                                    <li><i class=\"flaticon-bubble-chat\"><\/i><a href=\"https:\/\/brooklandlakeview.org\/es\/instituto-siemer-enfoque-2-gen-ayudar-a-las-familias\/#respond\">No hay comentarios<span class=\"screen-reader-text\"> en Instituto Siemer: Enfoque 2-Gen \u00abAyudar a las familias\u00bb<\/span><\/a><\/li>\r\n                                <\/ul>\r\n                                <h4><a href=\"https:\/\/brooklandlakeview.org\/es\/instituto-siemer-enfoque-2-gen-ayudar-a-las-familias\/\">Instituto Siemer: Enfoque 2-Gen \u00abAyudar a las familias\u00bb<\/a><\/h4>\r\n                                <p>Instituto Seimer: Enfoque de dos generaciones Ayudar a las familias A trav\u00e9s de nuestro programa<\/p>\r\n                                <a href=\"https:\/\/brooklandlakeview.org\/es\/instituto-siemer-enfoque-2-gen-ayudar-a-las-familias\/\" class=\"read-more\">Read More<\/a>\r\n                            <\/div>\r\n                        <\/div>\r\n                    <\/div>\r\n                                    <div class=\"col-xl-4 col-md-6\">\r\n                        <div class=\"blog-item\">\r\n                                                            <div class=\"blog-item__img\">\r\n                                    <img loading=\"lazy\" decoding=\"async\" width=\"416\" height=\"267\" src=\"https:\/\/brooklandlakeview.org\/wp-content\/uploads\/2024\/07\/Farmers-Market-and-Local-Food-Promotion-4-416x267.jpg\" class=\"attachment-charite_blog__416X267 size-charite_blog__416X267 wp-post-image\" alt=\"\" srcset=\"https:\/\/brooklandlakeview.org\/wp-content\/uploads\/2024\/07\/Farmers-Market-and-Local-Food-Promotion-4-416x267.jpg 416w, https:\/\/brooklandlakeview.org\/wp-content\/uploads\/2024\/07\/Farmers-Market-and-Local-Food-Promotion-4-388x250.jpg 388w, https:\/\/brooklandlakeview.org\/wp-content\/uploads\/2024\/07\/Farmers-Market-and-Local-Food-Promotion-4-373x240.jpg 373w\" sizes=\"(max-width: 416px) 100vw, 416px\" \/>                                    <div class=\"post-date\">\r\n                                        <b>25<\/b>\r\n                                        <span>Jul<\/span>\r\n                                    <\/div>\r\n                                <\/div>\r\n                                                        <div class=\"blog-item__content\">\r\n                                <ul class=\"blog-meta\">\r\n                                    <li><span class=\"byline\"> <span class=\"author vcard\"><i aria-hidden=\"true\" class=\"flaticon-user\"><\/i><a class=\"url fn n\" href=\"https:\/\/brooklandlakeview.org\/es\/author\/rhodesbranding\/\">rhodesbranding<\/a><\/span><\/span><\/li>\r\n                                    <li><i class=\"flaticon-bubble-chat\"><\/i><a href=\"https:\/\/brooklandlakeview.org\/es\/mercado-de-agricultores-y-promocion-de-la-alimentacion-local\/#respond\">No hay comentarios<span class=\"screen-reader-text\"> en Mercado de Agricultores y Promoci\u00f3n de la Alimentaci\u00f3n Local<\/span><\/a><\/li>\r\n                                <\/ul>\r\n                                <h4><a href=\"https:\/\/brooklandlakeview.org\/es\/mercado-de-agricultores-y-promocion-de-la-alimentacion-local\/\">Mercado de Agricultores y Promoci\u00f3n de la Alimentaci\u00f3n Local<\/a><\/h4>\r\n                                <p>Mercado de Agricultores y Promoci\u00f3n de la Alimentaci\u00f3n Local \u00a1\u00danete a nosotros para reforzar la<\/p>\r\n                                <a href=\"https:\/\/brooklandlakeview.org\/es\/mercado-de-agricultores-y-promocion-de-la-alimentacion-local\/\" class=\"read-more\">Read More<\/a>\r\n                            <\/div>\r\n                        <\/div>\r\n                    <\/div>\r\n                                    <div class=\"col-xl-4 col-md-6\">\r\n                        <div class=\"blog-item\">\r\n                                                            <div class=\"blog-item__img\">\r\n                                    <img loading=\"lazy\" decoding=\"async\" width=\"416\" height=\"267\" src=\"https:\/\/brooklandlakeview.org\/wp-content\/uploads\/2024\/07\/diabetes-test-2023-11-27-05-35-42-utc-1-416x267.jpg\" class=\"attachment-charite_blog__416X267 size-charite_blog__416X267 wp-post-image\" alt=\"\" srcset=\"https:\/\/brooklandlakeview.org\/wp-content\/uploads\/2024\/07\/diabetes-test-2023-11-27-05-35-42-utc-1-416x267.jpg 416w, https:\/\/brooklandlakeview.org\/wp-content\/uploads\/2024\/07\/diabetes-test-2023-11-27-05-35-42-utc-1-388x250.jpg 388w, https:\/\/brooklandlakeview.org\/wp-content\/uploads\/2024\/07\/diabetes-test-2023-11-27-05-35-42-utc-1-373x240.jpg 373w\" sizes=\"(max-width: 416px) 100vw, 416px\" \/>                                    <div class=\"post-date\">\r\n                                        <b>25<\/b>\r\n                                        <span>Jul<\/span>\r\n                                    <\/div>\r\n                                <\/div>\r\n                                                        <div class=\"blog-item__content\">\r\n                                <ul class=\"blog-meta\">\r\n                                    <li><span class=\"byline\"> <span class=\"author vcard\"><i aria-hidden=\"true\" class=\"flaticon-user\"><\/i><a class=\"url fn n\" href=\"https:\/\/brooklandlakeview.org\/es\/author\/rhodesbranding\/\">rhodesbranding<\/a><\/span><\/span><\/li>\r\n                                    <li><i class=\"flaticon-bubble-chat\"><\/i><a href=\"https:\/\/brooklandlakeview.org\/es\/intervencion-en-diabetes\/#respond\">No hay comentarios<span class=\"screen-reader-text\"> en Intervenci\u00f3n en diabetes<\/span><\/a><\/li>\r\n                                <\/ul>\r\n                                <h4><a href=\"https:\/\/brooklandlakeview.org\/es\/intervencion-en-diabetes\/\">Intervenci\u00f3n en diabetes<\/a><\/h4>\r\n                                <p>Programa de Intervenci\u00f3n en Diabetes para Familias Este programa gratuito est\u00e1 dise\u00f1ado para mejorar el<\/p>\r\n                                <a href=\"https:\/\/brooklandlakeview.org\/es\/intervencion-en-diabetes\/\" class=\"read-more\">Read More<\/a>\r\n                            <\/div>\r\n                        <\/div>\r\n                    <\/div>\r\n                                    <div class=\"col-xl-4 col-md-6\">\r\n                        <div class=\"blog-item\">\r\n                                                            <div class=\"blog-item__img\">\r\n                                    <img loading=\"lazy\" decoding=\"async\" width=\"416\" height=\"267\" src=\"https:\/\/brooklandlakeview.org\/wp-content\/uploads\/2024\/07\/community-meals-supporting-needy-people-2023-11-27-05-31-48-utc-416x267.jpg\" class=\"attachment-charite_blog__416X267 size-charite_blog__416X267 wp-post-image\" alt=\"\" srcset=\"https:\/\/brooklandlakeview.org\/wp-content\/uploads\/2024\/07\/community-meals-supporting-needy-people-2023-11-27-05-31-48-utc-416x267.jpg 416w, https:\/\/brooklandlakeview.org\/wp-content\/uploads\/2024\/07\/community-meals-supporting-needy-people-2023-11-27-05-31-48-utc-388x250.jpg 388w, https:\/\/brooklandlakeview.org\/wp-content\/uploads\/2024\/07\/community-meals-supporting-needy-people-2023-11-27-05-31-48-utc-373x240.jpg 373w\" sizes=\"(max-width: 416px) 100vw, 416px\" \/>                                    <div class=\"post-date\">\r\n                                        <b>24<\/b>\r\n                                        <span>Jul<\/span>\r\n                                    <\/div>\r\n                                <\/div>\r\n                                                        <div class=\"blog-item__content\">\r\n                                <ul class=\"blog-meta\">\r\n                                    <li><span class=\"byline\"> <span class=\"author vcard\"><i aria-hidden=\"true\" class=\"flaticon-user\"><\/i><a class=\"url fn n\" href=\"https:\/\/brooklandlakeview.org\/es\/author\/rhodesbranding\/\">rhodesbranding<\/a><\/span><\/span><\/li>\r\n                                    <li><i class=\"flaticon-bubble-chat\"><\/i><a href=\"https:\/\/brooklandlakeview.org\/es\/mesa-comunitaria-de-alimentos\/#respond\">No hay comentarios<span class=\"screen-reader-text\"> en Mesa Comunitaria de Alimentos<\/span><\/a><\/li>\r\n                                <\/ul>\r\n                                <h4><a href=\"https:\/\/brooklandlakeview.org\/es\/mesa-comunitaria-de-alimentos\/\">Mesa Comunitaria de Alimentos<\/a><\/h4>\r\n                                <p>Programa de Mesa Comunitaria de Alimentos \u00a1\u00danete a nosotros para nutrir a nuestra comunidad! Esta<\/p>\r\n                                <a href=\"https:\/\/brooklandlakeview.org\/es\/mesa-comunitaria-de-alimentos\/\" class=\"read-more\">Read More<\/a>\r\n                            <\/div>\r\n                        <\/div>\r\n                    <\/div>\r\n                                \r\n            <\/div>\r\n                            <div class=\"pagination pt-20\">\r\n                    <span class=\"page-numbers current\">1<\/span>\n<a class=\"page-numbers\" href=\"https:\/\/brooklandlakeview.org\/es\/wp-json\/wp\/v2\/pages\/6779\/page\/2\/\">2<\/a>\n<a class=\"next page-numbers\" href=\"https:\/\/brooklandlakeview.org\/es\/wp-json\/wp\/v2\/pages\/6779\/page\/2\/\"><i class=\"fa fa-angle-right\"><\/i><\/a>                <\/div>\r\n                    <\/div>\r\n            <\/div>\r\n\t\t\t\t<\/div>\n\t\t\t\t<\/div>\n\t\t\t\t\t<\/div>\n\t\t<\/div>\n\t\t\t\t\t<\/div>\n\t\t<\/section>\n\t\t\t\t<\/div>\n\t\t","protected":false},"excerpt":{"rendered":"<p>22 Oct hellorhode No Comments on Project SAFE Initiative Project SAFE Initiative Project SAFE InitiativeThrough the Project SAFE (Streets Are For Everyone) Initiative, the BLEC offers community-based Read More 28 Jul rhodesbranding No Comments on Food Policy Coalition Food Policy Coalition WeCo-Cayce Food Policy CoalitionJoin our mission to combat food insecurity and enhance food equity [&hellip;]<\/p>\n","protected":false},"author":1,"featured_media":0,"parent":0,"menu_order":0,"comment_status":"closed","ping_status":"closed","template":"elementor_header_footer","meta":{"footnotes":""},"class_list":["post-6779","page","type-page","status-publish","hentry"],"_links":{"self":[{"href":"https:\/\/brooklandlakeview.org\/es\/wp-json\/wp\/v2\/pages\/6779","targetHints":{"allow":["GET"]}}],"collection":[{"href":"https:\/\/brooklandlakeview.org\/es\/wp-json\/wp\/v2\/pages"}],"about":[{"href":"https:\/\/brooklandlakeview.org\/es\/wp-json\/wp\/v2\/types\/page"}],"author":[{"embeddable":true,"href":"https:\/\/brooklandlakeview.org\/es\/wp-json\/wp\/v2\/users\/1"}],"replies":[{"embeddable":true,"href":"https:\/\/brooklandlakeview.org\/es\/wp-json\/wp\/v2\/comments?post=6779"}],"version-history":[{"count":3,"href":"https:\/\/brooklandlakeview.org\/es\/wp-json\/wp\/v2\/pages\/6779\/revisions"}],"predecessor-version":[{"id":6955,"href":"https:\/\/brooklandlakeview.org\/es\/wp-json\/wp\/v2\/pages\/6779\/revisions\/6955"}],"wp:attachment":[{"href":"https:\/\/brooklandlakeview.org\/es\/wp-json\/wp\/v2\/media?parent=6779"}],"curies":[{"name":"wp","href":"https:\/\/api.w.org\/{rel}","templated":true}]}}