{"id":6749,"date":"2023-07-26T15:36:08","date_gmt":"2023-07-26T15:36:08","guid":{"rendered":"https:\/\/brooklandlakeview.org\/pagina-de-muestra\/"},"modified":"2024-12-15T17:57:08","modified_gmt":"2024-12-15T17:57:08","slug":"pagina-de-muestra","status":"publish","type":"page","link":"https:\/\/brooklandlakeview.org\/es\/pagina-de-muestra\/","title":{"rendered":"P\u00e1gina de muestra"},"content":{"rendered":"&#13;\n<p>Esta es una p\u00e1gina de ejemplo. Es diferente de una entrada de blog porque permanecer\u00e1 en un lugar y aparecer\u00e1 en la navegaci\u00f3n de tu sitio (en la mayor\u00eda de los temas). La mayor\u00eda de la gente empieza con una p\u00e1gina Acerca de que les presenta a los visitantes potenciales del sitio. Podr\u00eda decir algo as\u00ed<\/p>&#13;\n&#13;\n<blockquote class=\"wp-block-quote is-layout-flow wp-block-quote-is-layout-flow\"><p>\u00a1Hola! Soy mensajero en bicicleta de d\u00eda, aspirante a actor de noche, y \u00e9ste es mi sitio web. Vivo en Los \u00c1ngeles, tengo un perro estupendo que se llama Jack y me gustan las pi\u00f1as coladas. (Y que te pille la lluvia).<\/p><\/blockquote>&#13;\n&#13;\n<p>&#8230;o algo as\u00ed:<\/p>&#13;\n&#13;\n<blockquote class=\"wp-block-quote is-layout-flow wp-block-quote-is-layout-flow\"><p>La empresa XYZ Doohickey Company se fund\u00f3 en 1971, y desde entonces suministra doohickeys de calidad al p\u00fablico. Situada en Gotham City, XYZ emplea a m\u00e1s de 2.000 personas y hace todo tipo de cosas incre\u00edbles para la comunidad de Gotham.<\/p><\/blockquote>&#13;\n&#13;\n<p>Como nuevo usuario de WordPress, debes ir a <a href=\"https:\/\/charite-theme.solverwp.com\/wp-admin\/\">tu panel de control<\/a> para eliminar esta p\u00e1gina y crear nuevas p\u00e1ginas para tu contenido. \u00a1Divi\u00e9rtete!<\/p>&#13;\n","protected":false},"excerpt":{"rendered":"<p>&#13; Esta es una p\u00e1gina de ejemplo. Es diferente de una entrada de blog porque permanecer\u00e1 en un lugar y aparecer\u00e1 en la navegaci\u00f3n de tu sitio (en la mayor\u00eda de los temas). La mayor\u00eda de la gente empieza con una p\u00e1gina Acerca de que les presenta a los visitantes potenciales del sitio. Podr\u00eda decir [&hellip;]<\/p>\n","protected":false},"author":1,"featured_media":0,"parent":0,"menu_order":0,"comment_status":"closed","ping_status":"open","template":"","meta":{"footnotes":""},"class_list":["post-6749","page","type-page","status-publish","hentry"],"_links":{"self":[{"href":"https:\/\/brooklandlakeview.org\/es\/wp-json\/wp\/v2\/pages\/6749","targetHints":{"allow":["GET"]}}],"collection":[{"href":"https:\/\/brooklandlakeview.org\/es\/wp-json\/wp\/v2\/pages"}],"about":[{"href":"https:\/\/brooklandlakeview.org\/es\/wp-json\/wp\/v2\/types\/page"}],"author":[{"embeddable":true,"href":"https:\/\/brooklandlakeview.org\/es\/wp-json\/wp\/v2\/users\/1"}],"replies":[{"embeddable":true,"href":"https:\/\/brooklandlakeview.org\/es\/wp-json\/wp\/v2\/comments?post=6749"}],"version-history":[{"count":4,"href":"https:\/\/brooklandlakeview.org\/es\/wp-json\/wp\/v2\/pages\/6749\/revisions"}],"predecessor-version":[{"id":7076,"href":"https:\/\/brooklandlakeview.org\/es\/wp-json\/wp\/v2\/pages\/6749\/revisions\/7076"}],"wp:attachment":[{"href":"https:\/\/brooklandlakeview.org\/es\/wp-json\/wp\/v2\/media?parent=6749"}],"curies":[{"name":"wp","href":"https:\/\/api.w.org\/{rel}","templated":true}]}}