{"id":6722,"date":"2024-07-14T14:36:05","date_gmt":"2024-07-14T14:36:05","guid":{"rendered":"https:\/\/brooklandlakeview.org\/documentos-de-certificacion-sin-animo-de-lucro\/"},"modified":"2024-12-19T04:38:38","modified_gmt":"2024-12-19T04:38:38","slug":"documentos-de-certificacion-sin-animo-de-lucro","status":"publish","type":"page","link":"https:\/\/brooklandlakeview.org\/es\/documentos-de-certificacion-sin-animo-de-lucro\/","title":{"rendered":"Documentos de certificaci\u00f3n sin \u00e1nimo de lucro"},"content":{"rendered":"\t\t<div data-elementor-type=\"wp-page\" data-elementor-id=\"6722\" class=\"elementor elementor-6722\">\n\t\t\t\t\t\t<section class=\"elementor-section elementor-top-section elementor-element elementor-element-26f6ec94 elementor-section-full_width elementor-section-height-default elementor-section-height-default\" data-id=\"26f6ec94\" data-element_type=\"section\">\n\t\t\t\t\t\t<div class=\"elementor-container elementor-column-gap-no\">\n\t\t\t\t\t<div class=\"elementor-column elementor-col-100 elementor-top-column elementor-element elementor-element-697e9a05\" data-id=\"697e9a05\" data-element_type=\"column\">\n\t\t\t<div class=\"elementor-widget-wrap elementor-element-populated\">\n\t\t\t\t\t\t<div class=\"elementor-element elementor-element-4bcf5014 elementor-widget elementor-widget-charite-banner-widget\" data-id=\"4bcf5014\" data-element_type=\"widget\" data-widget_type=\"charite-banner-widget.default\">\n\t\t\t\t<div class=\"elementor-widget-container\">\n\t\t\t\t\t\r\n    <!-- banner area start -->\r\n    <div class=\"hero-area bgs-cover overlay pt-155 pb-170\" style=\"background-image: url(https:\/\/blec.rhodesstaging.com\/wp-content\/uploads\/2024\/06\/old-couple.png);\">\r\n        <div class=\"container container-1370\">\r\n            <div class=\"hero-content text-center text-white\">\r\n                                    <h1>Certificaci\u00f3n y Cumplimiento<\/h1>\r\n                                                    <p>Garantizando transparencia y confianza a trav\u00e9s de nuestros documentos oficiales.<\/p>\r\n                                <div class=\"hero-btns pt-30 rpt-10\">\r\n                                                        <\/div>\r\n            <\/div>\r\n        <\/div>\r\n    <\/div>\r\n    <!-- banner area end -->\r\n\r\n\t\t\t\t<\/div>\n\t\t\t\t<\/div>\n\t\t\t\t\t<\/div>\n\t\t<\/div>\n\t\t\t\t\t<\/div>\n\t\t<\/section>\n\t\t\t\t<section class=\"elementor-section elementor-top-section elementor-element elementor-element-3fb0de02 elementor-section-full_width elementor-section-height-default elementor-section-height-default\" data-id=\"3fb0de02\" data-element_type=\"section\">\n\t\t\t\t\t\t<div class=\"elementor-container elementor-column-gap-no\">\n\t\t\t\t\t<div class=\"elementor-column elementor-col-100 elementor-top-column elementor-element elementor-element-eda5382\" data-id=\"eda5382\" data-element_type=\"column\">\n\t\t\t<div class=\"elementor-widget-wrap elementor-element-populated\">\n\t\t\t\t\t\t<div class=\"elementor-element elementor-element-588c4c8 elementor-widget elementor-widget-text-editor\" data-id=\"588c4c8\" data-element_type=\"widget\" data-widget_type=\"text-editor.default\">\n\t\t\t\t<div class=\"elementor-widget-container\">\n\t\t\t\t\t\t\t\t\t<h5>Finanzas auditadas<\/h5>\n\t\t\t\t\t\t\t\t<\/div>\n\t\t\t\t<\/div>\n\t\t\t\t<div class=\"elementor-element elementor-element-4fc7bdf auditReport elementor-widget elementor-widget-text-editor\" data-id=\"4fc7bdf\" data-element_type=\"widget\" data-widget_type=\"text-editor.default\">\n\t\t\t\t<div class=\"elementor-widget-container\">\n\t\t\t\t\t\t\t\t\t<p><a href=\"https:\/\/brooklandlakeview.org\/wp-content\/uploads\/2024\/09\/BLEC_Financial-and-Single-Audit-2023.pdf\" target=\"_blank\" rel=\"noopener\">Auditor\u00eda Financiera y \u00danica 2023<\/a>  <\/p>\n<p><a href=\"https:\/\/brooklandlakeview.org\/wp-content\/uploads\/2024\/08\/BLEC-Single-Audit-2022.pdf\" target=\"_blank\" rel=\"noopener\">Auditor\u00eda \u00danica 2022<\/a>     <a href=\"https:\/\/brooklandlakeview.org\/wp-content\/uploads\/2024\/08\/BLEC-Management-Letter-2022.pdf\" target=\"_blank\" rel=\"noopener\">Carta de gesti\u00f3n 2022<\/a><\/p>\n<p><a href=\"https:\/\/brooklandlakeview.org\/wp-content\/uploads\/2024\/09\/BLEC_Financial-Audits-2021-and-2022.pdf\" target=\"_blank\" rel=\"noopener\">Auditor\u00edas financieras 2021 y 2022<\/a>   <\/p>\n\t\t\t\t\t\t\t\t<\/div>\n\t\t\t\t<\/div>\n\t\t\t\t<div class=\"elementor-element elementor-element-a6f8567 elementor-widget elementor-widget-text-editor\" data-id=\"a6f8567\" data-element_type=\"widget\" data-widget_type=\"text-editor.default\">\n\t\t\t\t<div class=\"elementor-widget-container\">\n\t\t\t\t\t\t\t\t\t<h5>Formulario 990<\/h5>\n\t\t\t\t\t\t\t\t<\/div>\n\t\t\t\t<\/div>\n\t\t\t\t<div class=\"elementor-element elementor-element-f043c2d auditReport elementor-widget elementor-widget-text-editor\" data-id=\"f043c2d\" data-element_type=\"widget\" data-widget_type=\"text-editor.default\">\n\t\t\t\t<div class=\"elementor-widget-container\">\n\t\t\t\t\t\t\t\t\t<p><a style=\"margin: 5px 10px;\" href=\"https:\/\/brooklandlakeview.org\/wp-content\/uploads\/2024\/08\/BLEC-990-2021.pdf\" target=\"_blank\" rel=\"noopener\">2021<\/a><a style=\"margin: 5px 10px;\" href=\"https:\/\/brooklandlakeview.org\/wp-content\/uploads\/2024\/08\/BLEC-990-2022.pdf\" target=\"_blank\" rel=\"noopener\">2022<\/a><\/p>\n<p><a style=\"margin: 5px 10px;\" href=\"https:\/\/brooklandlakeview.org\/wp-content\/uploads\/2024\/11\/BLEC-2023-990-Report.pdf\" target=\"_blank\" rel=\"noopener\">2023<\/a><\/p>\n\t\t\t\t\t\t\t\t<\/div>\n\t\t\t\t<\/div>\n\t\t\t\t<div class=\"elementor-element elementor-element-2a20426 elementor-widget elementor-widget-text-editor\" data-id=\"2a20426\" data-element_type=\"widget\" data-widget_type=\"text-editor.default\">\n\t\t\t\t<div class=\"elementor-widget-container\">\n\t\t\t\t\t\t\t\t\t<h5>Carta 501(C) (3)<\/h5>\n\t\t\t\t\t\t\t\t<\/div>\n\t\t\t\t<\/div>\n\t\t\t\t<div class=\"elementor-element elementor-element-fdb7d21 auditReport elementor-widget elementor-widget-text-editor\" data-id=\"fdb7d21\" data-element_type=\"widget\" data-widget_type=\"text-editor.default\">\n\t\t\t\t<div class=\"elementor-widget-container\">\n\t\t\t\t\t\t\t\t\t<p><a style=\"margin: 5px 10px;\" href=\"https:\/\/brooklandlakeview.org\/wp-content\/uploads\/2024\/08\/BLEC-501c3.pdf\">Carta 501(C) (3) Aqu\u00ed<\/a><\/p>\n\t\t\t\t\t\t\t\t<\/div>\n\t\t\t\t<\/div>\n\t\t\t\t<div class=\"elementor-element elementor-element-caccf37 elementor-widget elementor-widget-text-editor\" data-id=\"caccf37\" data-element_type=\"widget\" data-widget_type=\"text-editor.default\">\n\t\t\t\t<div class=\"elementor-widget-container\">\n\t\t\t\t\t\t\t\t\t<h5>Pol\u00edticas<\/h5>\n\t\t\t\t\t\t\t\t<\/div>\n\t\t\t\t<\/div>\n\t\t\t\t<div class=\"elementor-element elementor-element-ad2c274 auditReport elementor-widget elementor-widget-text-editor\" data-id=\"ad2c274\" data-element_type=\"widget\" data-widget_type=\"text-editor.default\">\n\t\t\t\t<div class=\"elementor-widget-container\">\n\t\t\t\t\t\t\t\t\t<p><a style=\"margin: 5px 10px;\" href=\"https:\/\/brooklandlakeview.org\/wp-content\/uploads\/2024\/08\/BLEC-Conflict-of-Interest-Policy.pdf\" target=\"_blank\" rel=\"noopener\">Pol\u00edtica de conflictos de intereses<\/a><\/p>\n\t\t\t\t\t\t\t\t<\/div>\n\t\t\t\t<\/div>\n\t\t\t\t<div class=\"elementor-element elementor-element-cc067ea elementor-widget elementor-widget-text-editor\" data-id=\"cc067ea\" data-element_type=\"widget\" data-widget_type=\"text-editor.default\">\n\t\t\t\t<div class=\"elementor-widget-container\">\n\t\t\t\t\t\t\t\t\t<h5>Plan Estrat\u00e9gico<\/h5>\n\t\t\t\t\t\t\t\t<\/div>\n\t\t\t\t<\/div>\n\t\t\t\t<div class=\"elementor-element elementor-element-96034c8 auditReport elementor-widget elementor-widget-text-editor\" data-id=\"96034c8\" data-element_type=\"widget\" data-widget_type=\"text-editor.default\">\n\t\t\t\t<div class=\"elementor-widget-container\">\n\t\t\t\t\t\t\t\t\t<p><a href=\"https:\/\/brooklandlakeview.org\/wp-content\/uploads\/2024\/10\/BLEC-Strategic-Plan-2020-2025.pdf\">Plan Estrat\u00e9gico del Centro de Capacitaci\u00f3n Brookland-Lakeview<\/a><\/p>\n\t\t\t\t\t\t\t\t<\/div>\n\t\t\t\t<\/div>\n\t\t\t\t\t<\/div>\n\t\t<\/div>\n\t\t\t\t\t<\/div>\n\t\t<\/section>\n\t\t<div class=\"elementor-element elementor-element-145d4af e-grid e-con-boxed e-con e-parent\" data-id=\"145d4af\" data-element_type=\"container\">\n\t\t\t\t\t<div class=\"e-con-inner\">\n\t\t\t\t\t<\/div>\n\t\t\t\t<\/div>\n\t\t\t\t<\/div>\n\t\t","protected":false},"excerpt":{"rendered":"<p>Certificaci\u00f3n y Cumplimiento Garantizando transparencia y confianza a trav\u00e9s de nuestros documentos oficiales. Finanzas auditadas Auditor\u00eda Financiera y \u00danica 2023 Auditor\u00eda \u00danica 2022 Carta de gesti\u00f3n 2022 Auditor\u00edas financieras 2021 y 2022 Formulario 990 20212022 2023 Carta 501(C) (3) Carta 501(C) (3) Aqu\u00ed Pol\u00edticas Pol\u00edtica de conflictos de intereses Plan Estrat\u00e9gico Plan Estrat\u00e9gico del Centro [&hellip;]<\/p>\n","protected":false},"author":1,"featured_media":0,"parent":0,"menu_order":0,"comment_status":"closed","ping_status":"closed","template":"elementor_header_footer","meta":{"footnotes":""},"class_list":["post-6722","page","type-page","status-publish","hentry"],"_links":{"self":[{"href":"https:\/\/brooklandlakeview.org\/es\/wp-json\/wp\/v2\/pages\/6722","targetHints":{"allow":["GET"]}}],"collection":[{"href":"https:\/\/brooklandlakeview.org\/es\/wp-json\/wp\/v2\/pages"}],"about":[{"href":"https:\/\/brooklandlakeview.org\/es\/wp-json\/wp\/v2\/types\/page"}],"author":[{"embeddable":true,"href":"https:\/\/brooklandlakeview.org\/es\/wp-json\/wp\/v2\/users\/1"}],"replies":[{"embeddable":true,"href":"https:\/\/brooklandlakeview.org\/es\/wp-json\/wp\/v2\/comments?post=6722"}],"version-history":[{"count":7,"href":"https:\/\/brooklandlakeview.org\/es\/wp-json\/wp\/v2\/pages\/6722\/revisions"}],"predecessor-version":[{"id":7539,"href":"https:\/\/brooklandlakeview.org\/es\/wp-json\/wp\/v2\/pages\/6722\/revisions\/7539"}],"wp:attachment":[{"href":"https:\/\/brooklandlakeview.org\/es\/wp-json\/wp\/v2\/media?parent=6722"}],"curies":[{"name":"wp","href":"https:\/\/api.w.org\/{rel}","templated":true}]}}