{"id":6717,"date":"2024-06-28T19:11:33","date_gmt":"2024-06-28T19:11:33","guid":{"rendered":"https:\/\/brooklandlakeview.org\/dona\/"},"modified":"2024-12-19T02:24:21","modified_gmt":"2024-12-19T02:24:21","slug":"donate","status":"publish","type":"page","link":"https:\/\/brooklandlakeview.org\/es\/donate\/","title":{"rendered":"Dona"},"content":{"rendered":"\t\t<div data-elementor-type=\"wp-page\" data-elementor-id=\"6717\" class=\"elementor elementor-6717\">\n\t\t\t\t\t\t<section class=\"elementor-section elementor-top-section elementor-element elementor-element-3a8f1aa9 elementor-section-full_width elementor-section-height-default elementor-section-height-default\" data-id=\"3a8f1aa9\" data-element_type=\"section\">\n\t\t\t\t\t\t<div class=\"elementor-container elementor-column-gap-no\">\n\t\t\t\t\t<div class=\"elementor-column elementor-col-100 elementor-top-column elementor-element elementor-element-754e619c\" data-id=\"754e619c\" data-element_type=\"column\">\n\t\t\t<div class=\"elementor-widget-wrap elementor-element-populated\">\n\t\t\t\t\t\t<div class=\"elementor-element elementor-element-33ce3df0 elementor-widget elementor-widget-charite-banner-widget\" data-id=\"33ce3df0\" data-element_type=\"widget\" data-widget_type=\"charite-banner-widget.default\">\n\t\t\t\t<div class=\"elementor-widget-container\">\n\t\t\t\t\t\r\n    <!-- banner area start -->\r\n    <div class=\"hero-area bgs-cover overlay pt-155 pb-170\" style=\"background-image: url(https:\/\/blec.rhodesstaging.com\/wp-content\/uploads\/2024\/07\/community-meals-supporting-needy-people-2023-11-27-05-31-48-utc.jpg);\">\r\n        <div class=\"container container-1370\">\r\n            <div class=\"hero-content text-center text-white\">\r\n                                    <h1>Apoya nuestra misi\u00f3n<\/h1>\r\n                                                    <p>Haga una diferencia en nuestra comunidad<\/p>\r\n                                <div class=\"hero-btns pt-30 rpt-10\">\r\n                                                        <\/div>\r\n            <\/div>\r\n        <\/div>\r\n    <\/div>\r\n    <!-- banner area end -->\r\n\r\n\t\t\t\t<\/div>\n\t\t\t\t<\/div>\n\t\t\t\t\t<\/div>\n\t\t<\/div>\n\t\t\t\t\t<\/div>\n\t\t<\/section>\n\t\t<div class=\"elementor-element elementor-element-b927e2a e-flex e-con-boxed e-con e-parent\" data-id=\"b927e2a\" data-element_type=\"container\">\n\t\t\t\t\t<div class=\"e-con-inner\">\n\t\t\t\t<div class=\"elementor-element elementor-element-5884a96 elementor-widget__width-inherit elementor-widget elementor-widget-text-editor\" data-id=\"5884a96\" data-element_type=\"widget\" data-widget_type=\"text-editor.default\">\n\t\t\t\t<div class=\"elementor-widget-container\">\n\t\t\t\t\t\t\t\t\t<h4>Por qu\u00e9 es importante tu apoyo<\/h4>\n<p>Juntos podemos construir un futuro mejor<br \/>Tus contribuciones son vitales para mantener y ampliar los servicios que prestamos en el Centro de Capacitaci\u00f3n de Brookland-Lakeview. Cada donativo nos ayuda a continuar nuestra labor en materia de salud, educaci\u00f3n y capacitaci\u00f3n econ\u00f3mica, repercutiendo directamente en la vida de miles de personas de los condados de Lexington y Richland y de otros lugares.<\/p>\n\t\t\t\t\t\t\t\t<\/div>\n\t\t\t\t<\/div>\n\t\t\t\t\t<\/div>\n\t\t\t\t<\/div>\n\t\t<div class=\"elementor-element elementor-element-7ad9e1f e-flex e-con-boxed e-con e-parent\" data-id=\"7ad9e1f\" data-element_type=\"container\">\n\t\t\t\t\t<div class=\"e-con-inner\">\n\t\t\t\t<div class=\"elementor-element elementor-element-12225d0 elementor-widget elementor-widget-text-editor\" data-id=\"12225d0\" data-element_type=\"widget\" data-widget_type=\"text-editor.default\">\n\t\t\t\t<div class=\"elementor-widget-container\">\n\t\t\t\t\t\t\t\t\t<h4>Formas de donar<\/h4>\n<ul class=\"list-style-two\">\n<li><b>Por Internet:<\/b> Utiliza nuestro portal seguro en l\u00ednea para hacer una donaci\u00f3n \u00fanica o peri\u00f3dica.<\/li>\n<li><b>Por correo:<\/b> Env\u00eda un cheque o giro postal a nuestra direcci\u00f3n f\u00edsica para contribuir directamente a nuestra causa. Haz el cheque o giro postal a nombre de BLEC y env\u00edalo a la siguiente direcci\u00f3n Brookland-Lakeview Empowerment Center, 1218 Batchelor Street, West Columbia, S.C. 29169<\/li>\n<li><b>Donaciones en especie: <\/b>Tambi\u00e9n agradecemos las donaciones de bienes y servicios que puedan ayudarnos a llevar adelante nuestra misi\u00f3n.<\/li>\n<\/ul>\n\t\t\t\t\t\t\t\t<\/div>\n\t\t\t\t<\/div>\n\t\t\t\t\t<\/div>\n\t\t\t\t<\/div>\n\t\t<div class=\"elementor-element elementor-element-b880953 e-flex e-con-boxed e-con e-parent\" data-id=\"b880953\" data-element_type=\"container\">\n\t\t\t\t\t<div class=\"e-con-inner\">\n\t\t\t\t<div class=\"elementor-element elementor-element-0436036 elementor-widget elementor-widget-text-editor\" data-id=\"0436036\" data-element_type=\"widget\" data-widget_type=\"text-editor.default\">\n\t\t\t\t<div class=\"elementor-widget-container\">\n\t\t\t\t\t\t\t\t\t<h4>Tu impacto<\/h4>  Creemos que la transparencia es esencial. Nos aseguramos de que cada d\u00f3lar donado se utilice eficazmente para tener el impacto m\u00e1s sustancial posible. Para saber c\u00f3mo se han utilizado las donaciones en el pasado y nuestros planes futuros, <a href=\"https:\/\/brooklandlakeview.org\/wp-content\/uploads\/2024\/08\/BLEC_ImpactReport_2023.pdf\">visita nuestra p\u00e1gina de impacto<\/a>.\t\t\t\t\t\t\t\t<\/div>\n\t\t\t\t<\/div>\n\t\t\t\t\t<\/div>\n\t\t\t\t<\/div>\n\t\t<div class=\"elementor-element elementor-element-861f20c e-flex e-con-boxed e-con e-parent\" data-id=\"861f20c\" data-element_type=\"container\">\n\t\t\t\t\t<div class=\"e-con-inner\">\n\t\t\t\t<div class=\"elementor-element elementor-element-1846dad elementor-align-center elementor-widget elementor-widget-button\" data-id=\"1846dad\" data-element_type=\"widget\" data-widget_type=\"button.default\">\n\t\t\t\t<div class=\"elementor-widget-container\">\n\t\t\t\t\t\t\t\t\t<div class=\"elementor-button-wrapper\">\n\t\t\t\t\t<a class=\"elementor-button elementor-button-link elementor-size-sm\" href=\"https:\/\/www.shelbygiving.com\/App\/Form\/77ddac2e-496f-42cc-a507-7c1da673d3cc\">\n\t\t\t\t\t\t<span class=\"elementor-button-content-wrapper\">\n\t\t\t\t\t\t\t\t\t<span class=\"elementor-button-text\">DONAR<\/span>\n\t\t\t\t\t<\/span>\n\t\t\t\t\t<\/a>\n\t\t\t\t<\/div>\n\t\t\t\t\t\t\t\t<\/div>\n\t\t\t\t<\/div>\n\t\t\t\t\t<\/div>\n\t\t\t\t<\/div>\n\t\t<div class=\"elementor-element elementor-element-2a5cadc e-flex e-con-boxed e-con e-parent\" data-id=\"2a5cadc\" data-element_type=\"container\">\n\t\t\t\t\t<div class=\"e-con-inner\">\n\t\t\t\t\t<\/div>\n\t\t\t\t<\/div>\n\t\t<div class=\"elementor-element elementor-element-ede6793 e-con-full e-flex e-con e-parent\" data-id=\"ede6793\" data-element_type=\"container\">\n\t\t<div class=\"elementor-element elementor-element-2d6c340 e-con-full e-flex e-con e-child\" data-id=\"2d6c340\" data-element_type=\"container\" data-settings=\"{&quot;background_background&quot;:&quot;classic&quot;}\">\n\t\t\t\t<div class=\"elementor-element elementor-element-5e8220c elementor-view-default elementor-position-top elementor-mobile-position-top elementor-widget elementor-widget-icon-box\" data-id=\"5e8220c\" data-element_type=\"widget\" data-widget_type=\"icon-box.default\">\n\t\t\t\t<div class=\"elementor-widget-container\">\n\t\t\t\t\t\t\t<div class=\"elementor-icon-box-wrapper\">\n\n\t\t\t\t\t\t<div class=\"elementor-icon-box-icon\">\n\t\t\t\t<span  class=\"elementor-icon\">\n\t\t\t\t<i aria-hidden=\"true\" class=\" flaticon-pin\"><\/i>\t\t\t\t<\/span>\n\t\t\t<\/div>\n\t\t\t\n\t\t\t\t\t\t<div class=\"elementor-icon-box-content\">\n\n\t\t\t\t\n\t\t\t\t\t\t\t\t\t<p class=\"elementor-icon-box-description\">\n\t\t\t\t\t\t1218 Batchelor St.<\/br>West Columbia, SC <\/br>29169\t\t\t\t\t<\/p>\n\t\t\t\t\n\t\t\t<\/div>\n\t\t\t\n\t\t<\/div>\n\t\t\t\t\t\t<\/div>\n\t\t\t\t<\/div>\n\t\t\t\t<\/div>\n\t\t<div class=\"elementor-element elementor-element-038a82f e-con-full e-flex e-con e-child\" data-id=\"038a82f\" data-element_type=\"container\" data-settings=\"{&quot;background_background&quot;:&quot;classic&quot;}\">\n\t\t\t\t<div class=\"elementor-element elementor-element-b0783c6 elementor-view-default elementor-position-top elementor-mobile-position-top elementor-widget elementor-widget-icon-box\" data-id=\"b0783c6\" data-element_type=\"widget\" data-widget_type=\"icon-box.default\">\n\t\t\t\t<div class=\"elementor-widget-container\">\n\t\t\t\t\t\t\t<div class=\"elementor-icon-box-wrapper\">\n\n\t\t\t\t\t\t<div class=\"elementor-icon-box-icon\">\n\t\t\t\t<span  class=\"elementor-icon\">\n\t\t\t\t<i aria-hidden=\"true\" class=\"icon icon-email\"><\/i>\t\t\t\t<\/span>\n\t\t\t<\/div>\n\t\t\t\n\t\t\t\t\t\t<div class=\"elementor-icon-box-content\">\n\n\t\t\t\t\n\t\t\t\t\t\t\t\t\t<p class=\"elementor-icon-box-description\">\n\t\t\t\t\t\tlakeview@brookland.cc\t\t\t\t\t<\/p>\n\t\t\t\t\n\t\t\t<\/div>\n\t\t\t\n\t\t<\/div>\n\t\t\t\t\t\t<\/div>\n\t\t\t\t<\/div>\n\t\t\t\t<\/div>\n\t\t<div class=\"elementor-element elementor-element-1078625 e-con-full e-flex e-con e-child\" data-id=\"1078625\" data-element_type=\"container\" data-settings=\"{&quot;background_background&quot;:&quot;classic&quot;}\">\n\t\t\t\t<div class=\"elementor-element elementor-element-4e0d597 elementor-view-default elementor-position-top elementor-mobile-position-top elementor-widget elementor-widget-icon-box\" data-id=\"4e0d597\" data-element_type=\"widget\" data-widget_type=\"icon-box.default\">\n\t\t\t\t<div class=\"elementor-widget-container\">\n\t\t\t\t\t\t\t<div class=\"elementor-icon-box-wrapper\">\n\n\t\t\t\t\t\t<div class=\"elementor-icon-box-icon\">\n\t\t\t\t<span  class=\"elementor-icon\">\n\t\t\t\t<i aria-hidden=\"true\" class=\" flaticon-phone-call\"><\/i>\t\t\t\t<\/span>\n\t\t\t<\/div>\n\t\t\t\n\t\t\t\t\t\t<div class=\"elementor-icon-box-content\">\n\n\t\t\t\t\n\t\t\t\t\t\t\t\t\t<p class=\"elementor-icon-box-description\">\n\t\t\t\t\t\t803.744.7943\t\t\t\t\t<\/p>\n\t\t\t\t\n\t\t\t<\/div>\n\t\t\t\n\t\t<\/div>\n\t\t\t\t\t\t<\/div>\n\t\t\t\t<\/div>\n\t\t\t\t<\/div>\n\t\t\t\t<\/div>\n\t\t\t\t<\/div>\n\t\t","protected":false},"excerpt":{"rendered":"<p>Apoya nuestra misi\u00f3n Haga una diferencia en nuestra comunidad Por qu\u00e9 es importante tu apoyo Juntos podemos construir un futuro mejorTus contribuciones son vitales para mantener y ampliar los servicios que prestamos en el Centro de Capacitaci\u00f3n de Brookland-Lakeview. Cada donativo nos ayuda a continuar nuestra labor en materia de salud, educaci\u00f3n y capacitaci\u00f3n econ\u00f3mica, [&hellip;]<\/p>\n","protected":false},"author":1,"featured_media":0,"parent":0,"menu_order":0,"comment_status":"closed","ping_status":"closed","template":"elementor_header_footer","meta":{"footnotes":""},"class_list":["post-6717","page","type-page","status-publish","hentry"],"_links":{"self":[{"href":"https:\/\/brooklandlakeview.org\/es\/wp-json\/wp\/v2\/pages\/6717","targetHints":{"allow":["GET"]}}],"collection":[{"href":"https:\/\/brooklandlakeview.org\/es\/wp-json\/wp\/v2\/pages"}],"about":[{"href":"https:\/\/brooklandlakeview.org\/es\/wp-json\/wp\/v2\/types\/page"}],"author":[{"embeddable":true,"href":"https:\/\/brooklandlakeview.org\/es\/wp-json\/wp\/v2\/users\/1"}],"replies":[{"embeddable":true,"href":"https:\/\/brooklandlakeview.org\/es\/wp-json\/wp\/v2\/comments?post=6717"}],"version-history":[{"count":11,"href":"https:\/\/brooklandlakeview.org\/es\/wp-json\/wp\/v2\/pages\/6717\/revisions"}],"predecessor-version":[{"id":7507,"href":"https:\/\/brooklandlakeview.org\/es\/wp-json\/wp\/v2\/pages\/6717\/revisions\/7507"}],"wp:attachment":[{"href":"https:\/\/brooklandlakeview.org\/es\/wp-json\/wp\/v2\/media?parent=6717"}],"curies":[{"name":"wp","href":"https:\/\/api.w.org\/{rel}","templated":true}]}}