{"id":6716,"date":"2024-07-14T16:12:47","date_gmt":"2024-07-14T16:12:47","guid":{"rendered":"https:\/\/brooklandlakeview.org\/asociacion-universidad-del-sur\/"},"modified":"2024-12-19T04:41:21","modified_gmt":"2024-12-19T04:41:21","slug":"asociacion-universidad-del-sur","status":"publish","type":"page","link":"https:\/\/brooklandlakeview.org\/es\/asociacion-universidad-del-sur\/","title":{"rendered":"Asociaci\u00f3n Universidad del Sur"},"content":{"rendered":"\t\t<div data-elementor-type=\"wp-page\" data-elementor-id=\"6716\" class=\"elementor elementor-6716\">\n\t\t\t\t\t\t<section class=\"elementor-section elementor-top-section elementor-element elementor-element-7399b737 elementor-section-full_width heroCustomPosition elementor-section-height-default elementor-section-height-default\" data-id=\"7399b737\" data-element_type=\"section\">\n\t\t\t\t\t\t<div class=\"elementor-container elementor-column-gap-no\">\n\t\t\t\t\t<div class=\"elementor-column elementor-col-100 elementor-top-column elementor-element elementor-element-768b80d\" data-id=\"768b80d\" data-element_type=\"column\">\n\t\t\t<div class=\"elementor-widget-wrap elementor-element-populated\">\n\t\t\t\t\t\t<div class=\"elementor-element elementor-element-526f8106 elementor-widget elementor-widget-charite-banner-widget\" data-id=\"526f8106\" data-element_type=\"widget\" data-widget_type=\"charite-banner-widget.default\">\n\t\t\t\t<div class=\"elementor-widget-container\">\n\t\t\t\t\t\r\n    <!-- banner area start -->\r\n    <div class=\"hero-area bgs-cover overlay pt-155 pb-170\" style=\"background-image: url(https:\/\/blec.rhodesstaging.com\/wp-content\/uploads\/2024\/07\/21st-century-program.jpg);\">\r\n        <div class=\"container container-1370\">\r\n            <div class=\"hero-content text-center text-white\">\r\n                                    <h1>Promoviendo la educaci\u00f3n juntos<\/h1>\r\n                                                    <p>Descubra nuevas oportunidades con tasas de matr\u00edcula especiales a trav\u00e9s de nuestra asociaci\u00f3n con South University.<\/p>\r\n                                <div class=\"hero-btns pt-30 rpt-10\">\r\n                                                        <\/div>\r\n            <\/div>\r\n        <\/div>\r\n    <\/div>\r\n    <!-- banner area end -->\r\n\r\n\t\t\t\t<\/div>\n\t\t\t\t<\/div>\n\t\t\t\t\t<\/div>\n\t\t<\/div>\n\t\t\t\t\t<\/div>\n\t\t<\/section>\n\t\t<div class=\"elementor-element elementor-element-dcfcc1d e-flex e-con-boxed e-con e-parent\" data-id=\"dcfcc1d\" data-element_type=\"container\">\n\t\t\t\t\t<div class=\"e-con-inner\">\n\t\t\t\t<div class=\"elementor-element elementor-element-d8f7f03 section-title elementor-widget elementor-widget-text-editor\" data-id=\"d8f7f03\" data-element_type=\"widget\" data-widget_type=\"text-editor.default\">\n\t\t\t\t<div class=\"elementor-widget-container\">\n\t\t\t\t\t\t\t\t\t<p><span class=\"section-title__subtitle\">Acerca de la Asociaci\u00f3n<\/span><\/p>\n<h3>Capacitar a nuestra comunidad mediante la educaci\u00f3n<\/h3>\n\t\t\t\t\t\t\t\t<\/div>\n\t\t\t\t<\/div>\n\t\t\t\t<div class=\"elementor-element elementor-element-d276e5c elementor-widget elementor-widget-text-editor\" data-id=\"d276e5c\" data-element_type=\"widget\" data-widget_type=\"text-editor.default\">\n\t\t\t\t<div class=\"elementor-widget-container\">\n\t\t\t\t\t\t\t\t\t<p>El Brookland-Lakeview Empowerment Center (BLEC) y la South University se han embarcado en una asociaci\u00f3n innovadora destinada a mejorar las oportunidades educativas de los miembros de nuestra comunidad. Esta colaboraci\u00f3n ofrece una tarifa especial de matr\u00edcula a los empleados de BLEC que cumplan los requisitos y a sus familiares directos que sean aceptados en cualquier programa de la Universidad del Sur. Esta tasa supone una reducci\u00f3n significativa, equivalente al 80% de los costes de matr\u00edcula vigentes.<\/p>\n\t\t\t\t\t\t\t\t<\/div>\n\t\t\t\t<\/div>\n\t\t\t\t<div class=\"elementor-element elementor-element-f237de3 elementor-widget elementor-widget-text-editor\" data-id=\"f237de3\" data-element_type=\"widget\" data-widget_type=\"text-editor.default\">\n\t\t\t\t<div class=\"elementor-widget-container\">\n\t\t\t\t\t\t\t\t\t<p><span style=\"text-decoration: underline;\"><a href=\"https:\/\/www.southuniversity.edu\/\">M\u00e1s informaci\u00f3n sobre la Universidad del Sur<\/a><\/span><\/p>\n\t\t\t\t\t\t\t\t<\/div>\n\t\t\t\t<\/div>\n\t\t\t\t<div class=\"elementor-element elementor-element-6a67081 elementor-widget elementor-widget-text-editor\" data-id=\"6a67081\" data-element_type=\"widget\" data-widget_type=\"text-editor.default\">\n\t\t\t\t<div class=\"elementor-widget-container\">\n\t\t\t\t\t\t\t\t\t<p>Adem\u00e1s, hay ayudas econ\u00f3micas disponibles para quienes cumplan los requisitos. Los asesores financieros de South University se comprometen a ayudar a los estudiantes a explorar todas las opciones financieras disponibles, incluidas las becas institucionales, las subvenciones y los beneficios militares. Este apoyo integral garantiza que la educaci\u00f3n sea accesible y asequible, reforzando nuestra dedicaci\u00f3n al crecimiento profesional y personal de los miembros de nuestra comunidad.<\/p>\n\t\t\t\t\t\t\t\t<\/div>\n\t\t\t\t<\/div>\n\t\t\t\t\t<\/div>\n\t\t\t\t<\/div>\n\t\t<div class=\"elementor-element elementor-element-4833319 e-flex e-con-boxed e-con e-parent\" data-id=\"4833319\" data-element_type=\"container\">\n\t\t\t\t\t<div class=\"e-con-inner\">\n\t\t\t\t<div class=\"elementor-element elementor-element-a84f159 elementor-widget elementor-widget-spacer\" data-id=\"a84f159\" data-element_type=\"widget\" data-widget_type=\"spacer.default\">\n\t\t\t\t<div class=\"elementor-widget-container\">\n\t\t\t\t\t\t\t<div class=\"elementor-spacer\">\n\t\t\t<div class=\"elementor-spacer-inner\"><\/div>\n\t\t<\/div>\n\t\t\t\t\t\t<\/div>\n\t\t\t\t<\/div>\n\t\t\t\t\t<\/div>\n\t\t\t\t<\/div>\n\t\t\t\t<\/div>\n\t\t","protected":false},"excerpt":{"rendered":"<p>Promoviendo la educaci\u00f3n juntos Descubra nuevas oportunidades con tasas de matr\u00edcula especiales a trav\u00e9s de nuestra asociaci\u00f3n con South University. Acerca de la Asociaci\u00f3n Capacitar a nuestra comunidad mediante la educaci\u00f3n El Brookland-Lakeview Empowerment Center (BLEC) y la South University se han embarcado en una asociaci\u00f3n innovadora destinada a mejorar las oportunidades educativas de los [&hellip;]<\/p>\n","protected":false},"author":1,"featured_media":0,"parent":0,"menu_order":0,"comment_status":"closed","ping_status":"closed","template":"elementor_header_footer","meta":{"footnotes":""},"class_list":["post-6716","page","type-page","status-publish","hentry"],"_links":{"self":[{"href":"https:\/\/brooklandlakeview.org\/es\/wp-json\/wp\/v2\/pages\/6716","targetHints":{"allow":["GET"]}}],"collection":[{"href":"https:\/\/brooklandlakeview.org\/es\/wp-json\/wp\/v2\/pages"}],"about":[{"href":"https:\/\/brooklandlakeview.org\/es\/wp-json\/wp\/v2\/types\/page"}],"author":[{"embeddable":true,"href":"https:\/\/brooklandlakeview.org\/es\/wp-json\/wp\/v2\/users\/1"}],"replies":[{"embeddable":true,"href":"https:\/\/brooklandlakeview.org\/es\/wp-json\/wp\/v2\/comments?post=6716"}],"version-history":[{"count":7,"href":"https:\/\/brooklandlakeview.org\/es\/wp-json\/wp\/v2\/pages\/6716\/revisions"}],"predecessor-version":[{"id":7542,"href":"https:\/\/brooklandlakeview.org\/es\/wp-json\/wp\/v2\/pages\/6716\/revisions\/7542"}],"wp:attachment":[{"href":"https:\/\/brooklandlakeview.org\/es\/wp-json\/wp\/v2\/media?parent=6716"}],"curies":[{"name":"wp","href":"https:\/\/api.w.org\/{rel}","templated":true}]}}