{"id":6712,"date":"2024-07-07T21:24:16","date_gmt":"2024-07-07T21:24:16","guid":{"rendered":"https:\/\/brooklandlakeview.org\/mision\/"},"modified":"2024-12-19T04:28:31","modified_gmt":"2024-12-19T04:28:31","slug":"mision","status":"publish","type":"page","link":"https:\/\/brooklandlakeview.org\/es\/mision\/","title":{"rendered":"Misi\u00f3n"},"content":{"rendered":"\t\t<div data-elementor-type=\"wp-page\" data-elementor-id=\"6712\" class=\"elementor elementor-6712\">\n\t\t\t\t\t\t<section class=\"elementor-section elementor-top-section elementor-element elementor-element-5c9eb59a elementor-section-full_width elementor-section-height-default elementor-section-height-default\" data-id=\"5c9eb59a\" data-element_type=\"section\">\n\t\t\t\t\t\t<div class=\"elementor-container elementor-column-gap-no\">\n\t\t\t\t\t<div class=\"elementor-column elementor-col-100 elementor-top-column elementor-element elementor-element-7cee4855\" data-id=\"7cee4855\" data-element_type=\"column\">\n\t\t\t<div class=\"elementor-widget-wrap elementor-element-populated\">\n\t\t\t\t\t\t<div class=\"elementor-element elementor-element-3342536a elementor-widget elementor-widget-charite-banner-widget\" data-id=\"3342536a\" data-element_type=\"widget\" data-widget_type=\"charite-banner-widget.default\">\n\t\t\t\t<div class=\"elementor-widget-container\">\n\t\t\t\t\t\r\n    <!-- banner area start -->\r\n    <div class=\"hero-area bgs-cover overlay pt-155 pb-170\" style=\"background-image: url(https:\/\/blec.rhodesstaging.com\/wp-content\/uploads\/2024\/08\/mission.jpg);\">\r\n        <div class=\"container container-1370\">\r\n            <div class=\"hero-content text-center text-white\">\r\n                                    <h1>Nuestra misi\u00f3n<\/h1>\r\n                                                    <p>Empoderar a las personas y fortalecer la comunidad a trav\u00e9s de un servicio dedicado.<\/p>\r\n                                <div class=\"hero-btns pt-30 rpt-10\">\r\n                                                        <\/div>\r\n            <\/div>\r\n        <\/div>\r\n    <\/div>\r\n    <!-- banner area end -->\r\n\r\n\t\t\t\t<\/div>\n\t\t\t\t<\/div>\n\t\t\t\t\t<\/div>\n\t\t<\/div>\n\t\t\t\t\t<\/div>\n\t\t<\/section>\n\t\t<div class=\"elementor-element elementor-element-979e539 e-flex e-con-boxed e-con e-parent\" data-id=\"979e539\" data-element_type=\"container\">\n\t\t\t\t\t<div class=\"e-con-inner\">\n\t\t\t\t<div class=\"elementor-element elementor-element-96c5c80 elementor-widget__width-inherit section-title elementor-widget elementor-widget-text-editor\" data-id=\"96c5c80\" data-element_type=\"widget\" data-widget_type=\"text-editor.default\">\n\t\t\t\t<div class=\"elementor-widget-container\">\n\t\t\t\t\t\t\t\t\t<span class=\"section-title__subtitle\">Impacto de la misi\u00f3n<\/span>\n<h3>Cultivar el crecimiento y las oportunidades<\/h3>\t\t\t\t\t\t\t\t<\/div>\n\t\t\t\t<\/div>\n\t\t\t\t\t<\/div>\n\t\t\t\t<\/div>\n\t\t<div class=\"elementor-element elementor-element-756c225 e-flex e-con-boxed e-con e-parent\" data-id=\"756c225\" data-element_type=\"container\">\n\t\t\t\t\t<div class=\"e-con-inner\">\n\t\t<div class=\"elementor-element elementor-element-2ba0b5d e-con-full e-flex e-con e-child\" data-id=\"2ba0b5d\" data-element_type=\"container\">\n\t\t<div class=\"elementor-element elementor-element-fc6cb1b e-con-full e-flex e-con e-child\" data-id=\"fc6cb1b\" data-element_type=\"container\">\n\t\t\t\t<div class=\"elementor-element elementor-element-3f6585a elementor-widget elementor-widget-text-editor\" data-id=\"3f6585a\" data-element_type=\"widget\" data-widget_type=\"text-editor.default\">\n\t\t\t\t<div class=\"elementor-widget-container\">\n\t\t\t\t\t\t\t\t\t<p><b>Declaraci\u00f3n de visi\u00f3n<\/b><\/p>\n<p>Ser una comunidad solidaria en la que todas las personas tengan v\u00edas de acceso a la salud, la educaci\u00f3n y las oportunidades econ\u00f3micas.<\/p>\n\t\t\t\t\t\t\t\t<\/div>\n\t\t\t\t<\/div>\n\t\t\t\t<div class=\"elementor-element elementor-element-811874f elementor-widget__width-initial elementor-widget elementor-widget-text-editor\" data-id=\"811874f\" data-element_type=\"widget\" data-widget_type=\"text-editor.default\">\n\t\t\t\t<div class=\"elementor-widget-container\">\n\t\t\t\t\t\t\t\t\t<p>En el Brookland-Lakeview Empowerment Center, nuestra misi\u00f3n es implicar y servir a personas de todas las edades y procedencias, centr\u00e1ndonos en promover la salud, la educaci\u00f3n y la capacitaci\u00f3n econ\u00f3mica. Nos comprometemos a mejorar la vida de los residentes de los condados de Lexington y Richland, as\u00ed como de las comunidades vecinas de Midlands, en Carolina del Sur. Nuestros objetivos se centran en el servicio humano, el fomento de la comunidad, el servicio cultural, la sostenibilidad y la asociaci\u00f3n.  <\/p>\n\t\t\t\t\t\t\t\t<\/div>\n\t\t\t\t<\/div>\n\t\t\t\t<div class=\"elementor-element elementor-element-3f72763 elementor-widget elementor-widget-text-editor\" data-id=\"3f72763\" data-element_type=\"widget\" data-widget_type=\"text-editor.default\">\n\t\t\t\t<div class=\"elementor-widget-container\">\n\t\t\t\t\t\t\t\t\t<p><strong><span style=\"vertical-align: inherit;\"><span style=\"vertical-align: inherit;\">Objetivo 1:<\/span><\/span><\/strong><span style=\"vertical-align: inherit;\"><span style=\"vertical-align: inherit;\"> Mejorar la calidad de vida de las personas de todas las edades y procedencias.<\/span><\/span><\/p>\n<p><strong><span style=\"vertical-align: inherit;\"><span style=\"vertical-align: inherit;\">Objetivo 2:<\/span><\/span><\/strong><span style=\"vertical-align: inherit;\"><span style=\"vertical-align: inherit;\"> Ofrecer oportunidades socioecon\u00f3micas que enriquezcan la vida de las personas mayores.<\/span><\/span><\/p>\n<p><strong><span style=\"vertical-align: inherit;\"><span style=\"vertical-align: inherit;\">Objetivo 3:<\/span><\/span><\/strong><span style=\"vertical-align: inherit;\"><span style=\"vertical-align: inherit;\"> Proporcionar un entorno seguro y acogedor para que ancianos, adultos y j\u00f3venes participen en actividades f\u00edsicas y culturales que promuevan la salud y el bienestar.<\/span><\/span><\/p>\n<p><strong><span style=\"vertical-align: inherit;\"><span style=\"vertical-align: inherit;\">Objetivo 4:<\/span><\/span><\/strong><span style=\"vertical-align: inherit;\"><span style=\"vertical-align: inherit;\"> Recuperar el significado hist\u00f3rico del Centro y su importante papel en la comunidad como punto focal de orgullo c\u00edvico.<\/span><\/span><\/p>\n<p><strong><span style=\"vertical-align: inherit;\"><span style=\"vertical-align: inherit;\">Objetivo 5:<\/span><\/span><\/strong><span style=\"vertical-align: inherit;\"><span style=\"vertical-align: inherit;\"> Cultivar las relaciones de colaboraci\u00f3n con los socios de la comunidad.<\/span><\/span><\/p>\n\t\t\t\t\t\t\t\t<\/div>\n\t\t\t\t<\/div>\n\t\t\t\t<\/div>\n\t\t\t\t<\/div>\n\t\t\t\t\t<\/div>\n\t\t\t\t<\/div>\n\t\t<div class=\"elementor-element elementor-element-5b5cea5 e-grid e-con-boxed e-con e-parent\" data-id=\"5b5cea5\" data-element_type=\"container\">\n\t\t\t\t\t<div class=\"e-con-inner\">\n\t\t\t\t<div class=\"elementor-element elementor-element-48cee27 elementor-align-center elementor-widget elementor-widget-button\" data-id=\"48cee27\" data-element_type=\"widget\" data-widget_type=\"button.default\">\n\t\t\t\t<div class=\"elementor-widget-container\">\n\t\t\t\t\t\t\t\t\t<div class=\"elementor-button-wrapper\">\n\t\t\t\t\t<a class=\"elementor-button elementor-button-link elementor-size-sm\" href=\"https:\/\/brooklandlakeview.org\/es\/documentos-de-certificacion-sin-animo-de-lucro\/\">\n\t\t\t\t\t\t<span class=\"elementor-button-content-wrapper\">\n\t\t\t\t\t\t\t\t\t<span class=\"elementor-button-text\">Plan Estrat\u00e9gico y Documentos de No Certificaci\u00f3n<\/span>\n\t\t\t\t\t<\/span>\n\t\t\t\t\t<\/a>\n\t\t\t\t<\/div>\n\t\t\t\t\t\t\t\t<\/div>\n\t\t\t\t<\/div>\n\t\t\t\t\t<\/div>\n\t\t\t\t<\/div>\n\t\t\t\t<\/div>\n\t\t","protected":false},"excerpt":{"rendered":"<p>Nuestra misi\u00f3n Empoderar a las personas y fortalecer la comunidad a trav\u00e9s de un servicio dedicado. Impacto de la misi\u00f3n Cultivar el crecimiento y las oportunidades Declaraci\u00f3n de visi\u00f3n Ser una comunidad solidaria en la que todas las personas tengan v\u00edas de acceso a la salud, la educaci\u00f3n y las oportunidades econ\u00f3micas. En el Brookland-Lakeview [&hellip;]<\/p>\n","protected":false},"author":1,"featured_media":0,"parent":0,"menu_order":0,"comment_status":"closed","ping_status":"closed","template":"elementor_header_footer","meta":{"footnotes":""},"class_list":["post-6712","page","type-page","status-publish","hentry"],"_links":{"self":[{"href":"https:\/\/brooklandlakeview.org\/es\/wp-json\/wp\/v2\/pages\/6712","targetHints":{"allow":["GET"]}}],"collection":[{"href":"https:\/\/brooklandlakeview.org\/es\/wp-json\/wp\/v2\/pages"}],"about":[{"href":"https:\/\/brooklandlakeview.org\/es\/wp-json\/wp\/v2\/types\/page"}],"author":[{"embeddable":true,"href":"https:\/\/brooklandlakeview.org\/es\/wp-json\/wp\/v2\/users\/1"}],"replies":[{"embeddable":true,"href":"https:\/\/brooklandlakeview.org\/es\/wp-json\/wp\/v2\/comments?post=6712"}],"version-history":[{"count":8,"href":"https:\/\/brooklandlakeview.org\/es\/wp-json\/wp\/v2\/pages\/6712\/revisions"}],"predecessor-version":[{"id":7533,"href":"https:\/\/brooklandlakeview.org\/es\/wp-json\/wp\/v2\/pages\/6712\/revisions\/7533"}],"wp:attachment":[{"href":"https:\/\/brooklandlakeview.org\/es\/wp-json\/wp\/v2\/media?parent=6712"}],"curies":[{"name":"wp","href":"https:\/\/api.w.org\/{rel}","templated":true}]}}