{"id":6710,"date":"2024-07-14T16:21:25","date_gmt":"2024-07-14T16:21:25","guid":{"rendered":"https:\/\/brooklandlakeview.org\/informe-de-evaluacion-alimentaria-comunitaria\/"},"modified":"2024-12-19T06:30:34","modified_gmt":"2024-12-19T06:30:34","slug":"community-food-assessment-report","status":"publish","type":"page","link":"https:\/\/brooklandlakeview.org\/es\/community-food-assessment-report\/","title":{"rendered":"Informe de evaluaci\u00f3n alimentaria comunitaria"},"content":{"rendered":"\t\t<div data-elementor-type=\"wp-page\" data-elementor-id=\"6710\" class=\"elementor elementor-6710\">\n\t\t\t\t\t\t<section class=\"elementor-section elementor-top-section elementor-element elementor-element-7270d074 elementor-section-full_width elementor-section-height-default elementor-section-height-default\" data-id=\"7270d074\" data-element_type=\"section\">\n\t\t\t\t\t\t<div class=\"elementor-container elementor-column-gap-no\">\n\t\t\t\t\t<div class=\"elementor-column elementor-col-100 elementor-top-column elementor-element elementor-element-15c73d7a\" data-id=\"15c73d7a\" data-element_type=\"column\">\n\t\t\t<div class=\"elementor-widget-wrap elementor-element-populated\">\n\t\t\t\t\t\t<div class=\"elementor-element elementor-element-5ab341e0 elementor-widget elementor-widget-charite-banner-widget\" data-id=\"5ab341e0\" data-element_type=\"widget\" data-widget_type=\"charite-banner-widget.default\">\n\t\t\t\t<div class=\"elementor-widget-container\">\n\t\t\t\t\t\r\n    <!-- banner area start -->\r\n    <div class=\"hero-area bgs-cover overlay pt-155 pb-170\" style=\"background-image: url(https:\/\/blec.rhodesstaging.com\/wp-content\/uploads\/2024\/07\/community-meals-supporting-needy-people-2023-11-27-05-31-48-utc.jpg);\">\r\n        <div class=\"container container-1370\">\r\n            <div class=\"hero-content text-center text-white\">\r\n                                    <h1>Informe de evaluaci\u00f3n de alimentos comunitarios<\/h1>\r\n                                                    <p>Comprender las necesidades locales para mejorar la seguridad alimentaria<\/p>\r\n                                <div class=\"hero-btns pt-30 rpt-10\">\r\n                                            <a class=\"btn btn--style-one\" href=\"https:\/\/brooklandlakeview.org\/wp-content\/uploads\/2024\/08\/BLEC-Food-Assessment-Report.pdf\">Descargar Informe<\/a>\r\n                                                        <\/div>\r\n            <\/div>\r\n        <\/div>\r\n    <\/div>\r\n    <!-- banner area end -->\r\n\r\n\t\t\t\t<\/div>\n\t\t\t\t<\/div>\n\t\t\t\t\t<\/div>\n\t\t<\/div>\n\t\t\t\t\t<\/div>\n\t\t<\/section>\n\t\t<div class=\"elementor-element elementor-element-2ee4305 section-title e-flex e-con-boxed e-con e-parent\" data-id=\"2ee4305\" data-element_type=\"container\">\n\t\t\t\t\t<div class=\"e-con-inner\">\n\t\t\t\t<div class=\"elementor-element elementor-element-ebcc0c3 elementor-widget elementor-widget-text-editor\" data-id=\"ebcc0c3\" data-element_type=\"widget\" data-widget_type=\"text-editor.default\">\n\t\t\t\t<div class=\"elementor-widget-container\">\n\t\t\t\t\t\t\t\t\t<p>Nuestro informe<\/p>\n<h3>Abordar los retos para<br \/>Reforzar la nutrici\u00f3n comunitaria<\/h3>\n\t\t\t\t\t\t\t\t<\/div>\n\t\t\t\t<\/div>\n\t\t\t\t<div class=\"elementor-element elementor-element-6ed450b elementor-widget elementor-widget-text-editor\" data-id=\"6ed450b\" data-element_type=\"widget\" data-widget_type=\"text-editor.default\">\n\t\t\t\t<div class=\"elementor-widget-container\">\n\t\t\t\t\t\t\t\t\t<p>En nuestro esfuerzo continuo por abordar la inseguridad alimentaria en nuestra comunidad, el Centro de Capacitaci\u00f3n Brookland-Lakeview ha realizado una evaluaci\u00f3n exhaustiva del panorama alimentario local. Este informe destaca las principales conclusiones y esboza medidas pr\u00e1cticas para mejorar el acceso a alimentos nutritivos para todos los residentes de los condados de Lexington y Richland. Profundiza en nuestras conclusiones para ver c\u00f3mo estamos trabajando para crear un futuro m\u00e1s seguro desde el punto de vista alimentario para nuestra comunidad. <\/p>\n\t\t\t\t\t\t\t\t<\/div>\n\t\t\t\t<\/div>\n\t\t\t\t<div class=\"elementor-element elementor-element-820f4a0 elementor-align-center elementor-widget elementor-widget-button\" data-id=\"820f4a0\" data-element_type=\"widget\" data-widget_type=\"button.default\">\n\t\t\t\t<div class=\"elementor-widget-container\">\n\t\t\t\t\t\t\t\t\t<div class=\"elementor-button-wrapper\">\n\t\t\t\t\t<a class=\"elementor-button elementor-button-link elementor-size-sm\" href=\"#\">\n\t\t\t\t\t\t<span class=\"elementor-button-content-wrapper\">\n\t\t\t\t\t\t\t\t\t<span class=\"elementor-button-text\">Descargar informe<\/span>\n\t\t\t\t\t<\/span>\n\t\t\t\t\t<\/a>\n\t\t\t\t<\/div>\n\t\t\t\t\t\t\t\t<\/div>\n\t\t\t\t<\/div>\n\t\t\t\t\t<\/div>\n\t\t\t\t<\/div>\n\t\t<div class=\"elementor-element elementor-element-0d88987 e-flex e-con-boxed e-con e-parent\" data-id=\"0d88987\" data-element_type=\"container\">\n\t\t\t\t\t<div class=\"e-con-inner\">\n\t\t\t\t<div class=\"elementor-element elementor-element-d576e41 elementor-widget elementor-widget-spacer\" data-id=\"d576e41\" data-element_type=\"widget\" data-widget_type=\"spacer.default\">\n\t\t\t\t<div class=\"elementor-widget-container\">\n\t\t\t\t\t\t\t<div class=\"elementor-spacer\">\n\t\t\t<div class=\"elementor-spacer-inner\"><\/div>\n\t\t<\/div>\n\t\t\t\t\t\t<\/div>\n\t\t\t\t<\/div>\n\t\t\t\t\t<\/div>\n\t\t\t\t<\/div>\n\t\t\t\t<\/div>\n\t\t","protected":false},"excerpt":{"rendered":"<p>Informe de evaluaci\u00f3n de alimentos comunitarios Comprender las necesidades locales para mejorar la seguridad alimentaria Descargar Informe Nuestro informe Abordar los retos paraReforzar la nutrici\u00f3n comunitaria En nuestro esfuerzo continuo por abordar la inseguridad alimentaria en nuestra comunidad, el Centro de Capacitaci\u00f3n Brookland-Lakeview ha realizado una evaluaci\u00f3n exhaustiva del panorama alimentario local. Este informe destaca [&hellip;]<\/p>\n","protected":false},"author":1,"featured_media":0,"parent":0,"menu_order":0,"comment_status":"closed","ping_status":"closed","template":"elementor_header_footer","meta":{"footnotes":""},"class_list":["post-6710","page","type-page","status-publish","hentry"],"_links":{"self":[{"href":"https:\/\/brooklandlakeview.org\/es\/wp-json\/wp\/v2\/pages\/6710","targetHints":{"allow":["GET"]}}],"collection":[{"href":"https:\/\/brooklandlakeview.org\/es\/wp-json\/wp\/v2\/pages"}],"about":[{"href":"https:\/\/brooklandlakeview.org\/es\/wp-json\/wp\/v2\/types\/page"}],"author":[{"embeddable":true,"href":"https:\/\/brooklandlakeview.org\/es\/wp-json\/wp\/v2\/users\/1"}],"replies":[{"embeddable":true,"href":"https:\/\/brooklandlakeview.org\/es\/wp-json\/wp\/v2\/comments?post=6710"}],"version-history":[{"count":9,"href":"https:\/\/brooklandlakeview.org\/es\/wp-json\/wp\/v2\/pages\/6710\/revisions"}],"predecessor-version":[{"id":7553,"href":"https:\/\/brooklandlakeview.org\/es\/wp-json\/wp\/v2\/pages\/6710\/revisions\/7553"}],"wp:attachment":[{"href":"https:\/\/brooklandlakeview.org\/es\/wp-json\/wp\/v2\/media?parent=6710"}],"curies":[{"name":"wp","href":"https:\/\/api.w.org\/{rel}","templated":true}]}}