{"id":6706,"date":"2024-07-14T18:55:50","date_gmt":"2024-07-14T18:55:50","guid":{"rendered":"https:\/\/brooklandlakeview.org\/oportunidades-de-empleo\/"},"modified":"2024-12-19T04:24:49","modified_gmt":"2024-12-19T04:24:49","slug":"oportunidades-de-empleo","status":"publish","type":"page","link":"https:\/\/brooklandlakeview.org\/es\/oportunidades-de-empleo\/","title":{"rendered":"Oportunidades de empleo"},"content":{"rendered":"\t\t<div data-elementor-type=\"wp-page\" data-elementor-id=\"6706\" class=\"elementor elementor-6706\">\n\t\t\t\t\t\t<section class=\"elementor-section elementor-top-section elementor-element elementor-element-273a734e elementor-section-full_width elementor-section-height-default elementor-section-height-default\" data-id=\"273a734e\" data-element_type=\"section\">\n\t\t\t\t\t\t<div class=\"elementor-container elementor-column-gap-no\">\n\t\t\t\t\t<div class=\"elementor-column elementor-col-100 elementor-top-column elementor-element elementor-element-39354a95\" data-id=\"39354a95\" data-element_type=\"column\">\n\t\t\t<div class=\"elementor-widget-wrap elementor-element-populated\">\n\t\t\t\t\t\t<div class=\"elementor-element elementor-element-3bc66f38 elementor-widget elementor-widget-charite-banner-widget\" data-id=\"3bc66f38\" data-element_type=\"widget\" data-widget_type=\"charite-banner-widget.default\">\n\t\t\t\t<div class=\"elementor-widget-container\">\n\t\t\t\t\t\r\n    <!-- banner area start -->\r\n    <div class=\"hero-area bgs-cover overlay pt-155 pb-170\" style=\"background-image: url(https:\/\/blec.rhodesstaging.com\/wp-content\/uploads\/2024\/06\/blec.png);\">\r\n        <div class=\"container container-1370\">\r\n            <div class=\"hero-content text-center text-white\">\r\n                                    <h1>\u00danase a nuestro equipo<\/h1>\r\n                                                    <p> Explore oportunidades profesionales y contribuya al empoderamiento de la comunidad.<\/p>\r\n                                <div class=\"hero-btns pt-30 rpt-10\">\r\n                                                        <\/div>\r\n            <\/div>\r\n        <\/div>\r\n    <\/div>\r\n    <!-- banner area end -->\r\n\r\n\t\t\t\t<\/div>\n\t\t\t\t<\/div>\n\t\t\t\t\t<\/div>\n\t\t<\/div>\n\t\t\t\t\t<\/div>\n\t\t<\/section>\n\t\t<div class=\"elementor-element elementor-element-9b1b362 section-title e-flex e-con-boxed e-con e-parent\" data-id=\"9b1b362\" data-element_type=\"container\">\n\t\t\t\t\t<div class=\"e-con-inner\">\n\t\t\t\t<div class=\"elementor-element elementor-element-de97d8d elementor-widget elementor-widget-text-editor\" data-id=\"de97d8d\" data-element_type=\"widget\" data-widget_type=\"text-editor.default\">\n\t\t\t\t<div class=\"elementor-widget-container\">\n\t\t\t\t\t\t\t\t\t<p><span class=\"section-title__subtitle\">Impacto de la misi\u00f3n<\/span><\/p>\n<h3>Forma parte de un equipo dedicado<br \/>que marca la diferencia.<\/h3>\n\t\t\t\t\t\t\t\t<\/div>\n\t\t\t\t<\/div>\n\t\t\t\t<div class=\"elementor-element elementor-element-2b197ab elementor-widget elementor-widget-text-editor\" data-id=\"2b197ab\" data-element_type=\"widget\" data-widget_type=\"text-editor.default\">\n\t\t\t\t<div class=\"elementor-widget-container\">\n\t\t\t\t\t\t\t\t\t<p>En el Centro de Capacitaci\u00f3n Brookland-Lakeview, creemos que nuestra fuerza reside en nuestra gente. Siempre estamos buscando personas apasionadas y capacitadas para unirse a nuestro equipo. Tanto si eres un profesional experimentado como si acabas de empezar, si tienes un compromiso con la mejora de la vida comunitaria y el avance de la salud, la educaci\u00f3n y la capacitaci\u00f3n econ\u00f3mica, puede que tengamos la oportunidad adecuada para ti.  <\/p>\n\t\t\t\t\t\t\t\t<\/div>\n\t\t\t\t<\/div>\n\t\t\t\t<div class=\"elementor-element elementor-element-0fa2ab0 elementor-align-center elementor-widget elementor-widget-button\" data-id=\"0fa2ab0\" data-element_type=\"widget\" data-widget_type=\"button.default\">\n\t\t\t\t<div class=\"elementor-widget-container\">\n\t\t\t\t\t\t\t\t\t<div class=\"elementor-button-wrapper\">\n\t\t\t\t\t<a class=\"elementor-button elementor-button-link elementor-size-sm\" href=\"#\">\n\t\t\t\t\t\t<span class=\"elementor-button-content-wrapper\">\n\t\t\t\t\t\t\t\t\t<span class=\"elementor-button-text\">Puestos vacantes<\/span>\n\t\t\t\t\t<\/span>\n\t\t\t\t\t<\/a>\n\t\t\t\t<\/div>\n\t\t\t\t\t\t\t\t<\/div>\n\t\t\t\t<\/div>\n\t\t\t\t\t<\/div>\n\t\t\t\t<\/div>\n\t\t<div class=\"elementor-element elementor-element-1ed3c26 e-flex e-con-boxed e-con e-parent\" data-id=\"1ed3c26\" data-element_type=\"container\">\n\t\t\t\t\t<div class=\"e-con-inner\">\n\t\t\t\t<div class=\"elementor-element elementor-element-b70c6f6 elementor-widget elementor-widget-spacer\" data-id=\"b70c6f6\" data-element_type=\"widget\" data-widget_type=\"spacer.default\">\n\t\t\t\t<div class=\"elementor-widget-container\">\n\t\t\t\t\t\t\t<div class=\"elementor-spacer\">\n\t\t\t<div class=\"elementor-spacer-inner\"><\/div>\n\t\t<\/div>\n\t\t\t\t\t\t<\/div>\n\t\t\t\t<\/div>\n\t\t\t\t\t<\/div>\n\t\t\t\t<\/div>\n\t\t\t\t<\/div>\n\t\t","protected":false},"excerpt":{"rendered":"<p>\u00danase a nuestro equipo Explore oportunidades profesionales y contribuya al empoderamiento de la comunidad. Impacto de la misi\u00f3n Forma parte de un equipo dedicadoque marca la diferencia. En el Centro de Capacitaci\u00f3n Brookland-Lakeview, creemos que nuestra fuerza reside en nuestra gente. Siempre estamos buscando personas apasionadas y capacitadas para unirse a nuestro equipo. Tanto si [&hellip;]<\/p>\n","protected":false},"author":1,"featured_media":0,"parent":0,"menu_order":0,"comment_status":"closed","ping_status":"closed","template":"elementor_header_footer","meta":{"footnotes":""},"class_list":["post-6706","page","type-page","status-publish","hentry"],"_links":{"self":[{"href":"https:\/\/brooklandlakeview.org\/es\/wp-json\/wp\/v2\/pages\/6706","targetHints":{"allow":["GET"]}}],"collection":[{"href":"https:\/\/brooklandlakeview.org\/es\/wp-json\/wp\/v2\/pages"}],"about":[{"href":"https:\/\/brooklandlakeview.org\/es\/wp-json\/wp\/v2\/types\/page"}],"author":[{"embeddable":true,"href":"https:\/\/brooklandlakeview.org\/es\/wp-json\/wp\/v2\/users\/1"}],"replies":[{"embeddable":true,"href":"https:\/\/brooklandlakeview.org\/es\/wp-json\/wp\/v2\/comments?post=6706"}],"version-history":[{"count":9,"href":"https:\/\/brooklandlakeview.org\/es\/wp-json\/wp\/v2\/pages\/6706\/revisions"}],"predecessor-version":[{"id":7530,"href":"https:\/\/brooklandlakeview.org\/es\/wp-json\/wp\/v2\/pages\/6706\/revisions\/7530"}],"wp:attachment":[{"href":"https:\/\/brooklandlakeview.org\/es\/wp-json\/wp\/v2\/media?parent=6706"}],"curies":[{"name":"wp","href":"https:\/\/api.w.org\/{rel}","templated":true}]}}