{"id":6654,"date":"2024-10-18T13:03:55","date_gmt":"2024-10-18T13:03:55","guid":{"rendered":"https:\/\/brooklandlakeview.org\/inscripcion-mhfa-jovenes\/"},"modified":"2024-12-17T10:13:50","modified_gmt":"2024-12-17T10:13:50","slug":"mhfa-registration-youth","status":"publish","type":"page","link":"https:\/\/brooklandlakeview.org\/es\/mhfa-registration-youth\/","title":{"rendered":"Mhfa registration Youth"},"content":{"rendered":"\t\t<div data-elementor-type=\"wp-page\" data-elementor-id=\"6654\" class=\"elementor elementor-6654\">\n\t\t\t\t<div class=\"elementor-element elementor-element-1cf9424 e-flex e-con-boxed e-con e-parent\" data-id=\"1cf9424\" data-element_type=\"container\">\n\t\t\t\t\t<div class=\"e-con-inner\">\n\t\t\t\t<div class=\"elementor-element elementor-element-c792d9e elementor-widget elementor-widget-image\" data-id=\"c792d9e\" data-element_type=\"widget\" data-widget_type=\"image.default\">\n\t\t\t\t<div class=\"elementor-widget-container\">\n\t\t\t\t\t\t\t\t\t\t\t\t\t\t\t<img decoding=\"async\" src=\"https:\/\/brooklandlakeview.org\/wp-content\/uploads\/elementor\/thumbs\/bl-l-qvezie4dlw2xyq5qu4zaem1ko6umn3f24iqkn5xnyy.jpg\" title=\"bl-l\" alt=\"bl-l\" loading=\"lazy\" \/>\t\t\t\t\t\t\t\t\t\t\t\t\t\t\t<\/div>\n\t\t\t\t<\/div>\n\t\t\t\t<div class=\"elementor-element elementor-element-ec6fb8a elementor-widget elementor-widget-text-editor\" data-id=\"ec6fb8a\" data-element_type=\"widget\" data-widget_type=\"text-editor.default\">\n\t\t\t\t<div class=\"elementor-widget-container\">\n\t\t\t\t\t\t\t\t\t<p class=\"p1\">If you are a teen interested in Mental First Aid Training, Please DO NOT fill out this form. Please have a parent\/guardian or an adult at your school, church etc.. Contact us directly at mentalhealth@brookland.cc<\/p>\t\t\t\t\t\t\t\t<\/div>\n\t\t\t\t<\/div>\n\t\t\t\t<div class=\"elementor-element elementor-element-55ef65e elementor-widget elementor-widget-shortcode\" data-id=\"55ef65e\" data-element_type=\"widget\" data-widget_type=\"shortcode.default\">\n\t\t\t\t<div class=\"elementor-widget-container\">\n\t\t\t\t\t\t\t<div class=\"elementor-shortcode\">\n<div class=\"wpcf7 no-js\" id=\"wpcf7-f6907-o1\" lang=\"es-ES\" dir=\"ltr\" data-wpcf7-id=\"6907\">\n<div class=\"screen-reader-response\"><p role=\"status\" aria-live=\"polite\" aria-atomic=\"true\"><\/p> <ul><\/ul><\/div>\n<form action=\"\/es\/wp-json\/wp\/v2\/pages\/6654#wpcf7-f6907-o1\" method=\"post\" class=\"wpcf7-form init\" aria-label=\"Formulario de contacto\" novalidate=\"novalidate\" data-status=\"init\">\n<fieldset class=\"hidden-fields-container\"><input type=\"hidden\" name=\"_wpcf7\" value=\"6907\" \/><input type=\"hidden\" name=\"_wpcf7_version\" value=\"6.1.5\" \/><input type=\"hidden\" name=\"_wpcf7_locale\" value=\"es_ES\" \/><input type=\"hidden\" name=\"_wpcf7_unit_tag\" value=\"wpcf7-f6907-o1\" \/><input type=\"hidden\" name=\"_wpcf7_container_post\" value=\"0\" \/><input type=\"hidden\" name=\"_wpcf7_posted_data_hash\" value=\"\" \/>\n<\/fieldset>\n<div class=\"row\" style=\"border-bottom:solid 1px #640f24; padding-bottom:60px\">\n\t<div class=\"col-sm-6\">\n\t\t<div class=\"form-group\">\n\t\t\t<p><label for=\"name\">Nombre<\/label><br \/>\n<span class=\"wpcf7-form-control-wrap\" data-name=\"text-501\"><input size=\"40\" maxlength=\"400\" class=\"wpcf7-form-control wpcf7-text wpcf7-validates-as-required form-control\" id=\"fiirstname\" aria-required=\"true\" aria-invalid=\"false\" value=\"\" type=\"text\" name=\"text-501\" \/><\/span>\n\t\t\t<\/p>\n\t\t<\/div>\n\t<\/div>\n\t<div class=\"col-sm-6\">\n\t\t<div class=\"form-group\">\n\t\t\t<p><label for=\"name\">Apellidos<\/label><br \/>\n<span class=\"wpcf7-form-control-wrap\" data-name=\"text-502\"><input size=\"40\" maxlength=\"400\" class=\"wpcf7-form-control wpcf7-text wpcf7-validates-as-required form-control\" id=\"lasttname\" aria-required=\"true\" aria-invalid=\"false\" value=\"\" type=\"text\" name=\"text-502\" \/><\/span>\n\t\t\t<\/p>\n\t\t<\/div>\n\t<\/div>\n\t<div class=\"col-sm-6\">\n\t\t<div class=\"form-group\">\n\t\t\t<p><label for=\"name\">Edad<\/label><br \/>\n<span class=\"wpcf7-form-control-wrap\" data-name=\"radio-870\"><span class=\"wpcf7-form-control wpcf7-radio\"><span class=\"wpcf7-list-item first\"><label><input type=\"radio\" name=\"radio-870\" value=\"18-30\" checked=\"checked\" \/><span class=\"wpcf7-list-item-label\">18-30<\/span><\/label><\/span><span class=\"wpcf7-list-item\"><label><input type=\"radio\" name=\"radio-870\" value=\"31-45\" \/><span class=\"wpcf7-list-item-label\">31-45<\/span><\/label><\/span><span class=\"wpcf7-list-item\"><label><input type=\"radio\" name=\"radio-870\" value=\"46-59\" \/><span class=\"wpcf7-list-item-label\">46-59<\/span><\/label><\/span><span class=\"wpcf7-list-item last\"><label><input type=\"radio\" name=\"radio-870\" value=\"60 a\u00f1os o m\u00e1s\" \/><span class=\"wpcf7-list-item-label\">60 a\u00f1os o m\u00e1s<\/span><\/label><\/span><\/span><\/span>\n\t\t\t<\/p>\n\t\t<\/div>\n\t<\/div>\n\t<div class=\"col-sm-6\">\n\t\t<div class=\"form-group\">\n\t\t\t<p><label for=\"gender\">\u00bfG\u00e9nero?<\/label><br \/>\n<span class=\"wpcf7-form-control-wrap\" data-name=\"menu-73\"><select class=\"wpcf7-form-control wpcf7-select wpcf7-validates-as-required form-control\" id=\"employmentstatus\" aria-required=\"true\" aria-invalid=\"false\" name=\"menu-73\"><option value=\"Masculino\">Masculino<\/option><option value=\"Femenino\">Femenino<\/option><option value=\"Otro\">Otro<\/option><option value=\"Prefiero no contestar\">Prefiero no contestar<\/option><\/select><\/span>\n\t\t\t<\/p>\n\t\t<\/div>\n\t<\/div>\n\t<div class=\"col-sm-6\">\n\t\t<div class=\"form-group\">\n\t\t\t<p><label for=\"gender\">Nivel educativo m\u00e1s alto<\/label><br \/>\n<span class=\"wpcf7-form-control-wrap\" data-name=\"radio-583\"><span class=\"wpcf7-form-control wpcf7-radio\"><span class=\"wpcf7-list-item first\"><label><input type=\"radio\" name=\"radio-583\" value=\"Sin estudios secundarios\/GED\" checked=\"checked\" \/><span class=\"wpcf7-list-item-label\">Sin estudios secundarios\/GED<\/span><\/label><\/span><span class=\"wpcf7-list-item\"><label><input type=\"radio\" name=\"radio-583\" value=\"Diploma de estudios secundarios\" \/><span class=\"wpcf7-list-item-label\">Diploma de estudios secundarios<\/span><\/label><\/span><span class=\"wpcf7-list-item\"><label><input type=\"radio\" name=\"radio-583\" value=\"Algunos estudios universitarios\" \/><span class=\"wpcf7-list-item-label\">Algunos estudios universitarios<\/span><\/label><\/span><span class=\"wpcf7-list-item\"><label><input type=\"radio\" name=\"radio-583\" value=\"T\u00edtulo universitario t\u00e9cnico\" \/><span class=\"wpcf7-list-item-label\">T\u00edtulo universitario t\u00e9cnico<\/span><\/label><\/span><span class=\"wpcf7-list-item\"><label><input type=\"radio\" name=\"radio-583\" value=\"T\u00edtulo de asociado\" \/><span class=\"wpcf7-list-item-label\">T\u00edtulo de asociado<\/span><\/label><\/span><span class=\"wpcf7-list-item\"><label><input type=\"radio\" name=\"radio-583\" value=\"T\u00edtulo de licenciado\" \/><span class=\"wpcf7-list-item-label\">T\u00edtulo de licenciado<\/span><\/label><\/span><span class=\"wpcf7-list-item last\"><label><input type=\"radio\" name=\"radio-583\" value=\"T\u00edtulo de postgrado\" \/><span class=\"wpcf7-list-item-label\">T\u00edtulo de postgrado<\/span><\/label><\/span><\/span><\/span>\n\t\t\t<\/p>\n\t\t<\/div>\n\t<\/div>\n\t<div class=\"col-sm-6\">\n\t\t<div class=\"form-group\">\n\t\t\t<p><label for=\"gender\">Carrera<\/label><br \/>\n<span class=\"wpcf7-form-control-wrap\" data-name=\"radio-774\"><span class=\"wpcf7-form-control wpcf7-radio\"><span class=\"wpcf7-list-item first\"><label><input type=\"radio\" name=\"radio-774\" value=\"Afroamericano (negro)\" checked=\"checked\" \/><span class=\"wpcf7-list-item-label\">Afroamericano (negro)<\/span><\/label><\/span><span class=\"wpcf7-list-item\"><label><input type=\"radio\" name=\"radio-774\" value=\"Cauc\u00e1sico (blanco)\" \/><span class=\"wpcf7-list-item-label\">Cauc\u00e1sico (blanco)<\/span><\/label><\/span><span class=\"wpcf7-list-item\"><label><input type=\"radio\" name=\"radio-774\" value=\"Hispano\/latino\" \/><span class=\"wpcf7-list-item-label\">Hispano\/latino<\/span><\/label><\/span><span class=\"wpcf7-list-item\"><label><input type=\"radio\" name=\"radio-774\" value=\"Indio americano o nativo de Alaska\" \/><span class=\"wpcf7-list-item-label\">Indio americano o nativo de Alaska<\/span><\/label><\/span><span class=\"wpcf7-list-item\"><label><input type=\"radio\" name=\"radio-774\" value=\"Asi\u00e1tico\" \/><span class=\"wpcf7-list-item-label\">Asi\u00e1tico<\/span><\/label><\/span><span class=\"wpcf7-list-item\"><label><input type=\"radio\" name=\"radio-774\" value=\"Nativo de Hawai u otras islas del Pac\u00edfico\" \/><span class=\"wpcf7-list-item-label\">Nativo de Hawai u otras islas del Pac\u00edfico<\/span><\/label><\/span><span class=\"wpcf7-list-item\"><label><input type=\"radio\" name=\"radio-774\" value=\"Raza mixta\" \/><span class=\"wpcf7-list-item-label\">Raza mixta<\/span><\/label><\/span><span class=\"wpcf7-list-item last\"><label><input type=\"radio\" name=\"radio-774\" value=\"Otros\" \/><span class=\"wpcf7-list-item-label\">Otros<\/span><\/label><\/span><\/span><\/span>\n\t\t\t<\/p>\n\t\t<\/div>\n\t<\/div>\n\t<div class=\"col-sm-4\">\n\t\t<div class=\"form-group\">\n\t\t\t<p><label for=\"name\">Direcci\u00f3n<\/label><br \/>\n<span class=\"wpcf7-form-control-wrap\" data-name=\"text-601\"><input size=\"40\" maxlength=\"400\" class=\"wpcf7-form-control wpcf7-text wpcf7-validates-as-required form-control\" id=\"Street\" aria-required=\"true\" aria-invalid=\"false\" value=\"\" type=\"text\" name=\"text-601\" \/><\/span>\n\t\t\t<\/p>\n\t\t<\/div>\n\t<\/div>\n\t<div class=\"col-sm-4\">\n\t\t<div class=\"form-group\">\n\t\t\t<p><label for=\"name\">Ciudad<\/label><br \/>\n<span class=\"wpcf7-form-control-wrap\" data-name=\"text-602\"><input size=\"40\" maxlength=\"400\" class=\"wpcf7-form-control wpcf7-text wpcf7-validates-as-required form-control\" id=\"City\" aria-required=\"true\" aria-invalid=\"false\" value=\"\" type=\"text\" name=\"text-602\" \/><\/span>\n\t\t\t<\/p>\n\t\t<\/div>\n\t<\/div>\n\t<div class=\"col-sm-2\">\n\t\t<div class=\"form-group\">\n\t\t\t<p><label for=\"name\">Estado<\/label><br \/>\n<span class=\"wpcf7-form-control-wrap\" data-name=\"text-603\"><input size=\"40\" maxlength=\"400\" class=\"wpcf7-form-control wpcf7-text wpcf7-validates-as-required form-control\" aria-required=\"true\" aria-invalid=\"false\" value=\"\" type=\"text\" name=\"text-603\" \/><\/span>\n\t\t\t<\/p>\n\t\t<\/div>\n\t<\/div>\n\t<div class=\"col-sm-2\">\n\t\t<div class=\"form-group\">\n\t\t\t<p><label for=\"name\">C\u00f3digo postal<\/label><br \/>\n<span class=\"wpcf7-form-control-wrap\" data-name=\"text-604\"><input size=\"40\" maxlength=\"400\" class=\"wpcf7-form-control wpcf7-text wpcf7-validates-as-required form-control\" aria-required=\"true\" aria-invalid=\"false\" value=\"\" type=\"text\" name=\"text-604\" \/><\/span>\n\t\t\t<\/p>\n\t\t<\/div>\n\t<\/div>\n\t<div class=\"col-sm-4\">\n\t\t<div class=\"form-group\">\n\t\t\t<p><label for=\"name\">Env\u00eda un correo electr\u00f3nico a<\/label><br \/>\n<span class=\"wpcf7-form-control-wrap\" data-name=\"your-email\"><input size=\"40\" maxlength=\"400\" class=\"wpcf7-form-control wpcf7-email wpcf7-validates-as-required wpcf7-text wpcf7-validates-as-email form-control\" autocomplete=\"email\" aria-required=\"true\" aria-invalid=\"false\" value=\"\" type=\"email\" name=\"your-email\" \/><\/span>\n\t\t\t<\/p>\n\t\t<\/div>\n\t<\/div>\n\t<div class=\"col-sm-4\">\n\t\t<div class=\"form-group\">\n\t\t\t<p><label for=\"name\">M\u00f3vil o celular<\/label><br \/>\n<span class=\"wpcf7-form-control-wrap\" data-name=\"text-703\"><input size=\"40\" maxlength=\"400\" class=\"wpcf7-form-control wpcf7-text wpcf7-validates-as-required form-control\" id=\"job\" aria-required=\"true\" aria-invalid=\"false\" value=\"\" type=\"text\" name=\"text-703\" \/><\/span>\n\t\t\t<\/p>\n\t\t<\/div>\n\t<\/div>\n\t<div class=\"col-sm-4\">\n\t\t<div class=\"form-group\">\n\t\t\t<p><label for=\"name\">Puesto<\/label><br \/>\n<span class=\"wpcf7-form-control-wrap\" data-name=\"text-702\"><input size=\"40\" maxlength=\"400\" class=\"wpcf7-form-control wpcf7-text wpcf7-validates-as-required form-control\" id=\"mobile\" aria-required=\"true\" aria-invalid=\"false\" value=\"\" type=\"text\" name=\"text-702\" \/><\/span>\n\t\t\t<\/p>\n\t\t<\/div>\n\t<\/div>\n\t<div class=\"col-sm-4\">\n\t\t<div class=\"form-group\">\n\t\t\t<p><label for=\"whoisemployer\">\u00bfQui\u00e9n es tu empleador?<\/label><br \/>\n<span class=\"wpcf7-form-control-wrap\" data-name=\"text-1703\"><input size=\"40\" maxlength=\"400\" class=\"wpcf7-form-control wpcf7-text wpcf7-validates-as-required form-control\" aria-required=\"true\" aria-invalid=\"false\" value=\"\" type=\"text\" name=\"text-1703\" \/><\/span>\n\t\t\t<\/p>\n\t\t<\/div>\n\t<\/div>\n\t<div class=\"col-sm-12\">\n\t\t<div class=\"form-group\">\n\t\t\t<p><label for=\"name\">Selecciona el tipo de curso<\/label><br \/>\n<span class=\"wpcf7-form-control-wrap\" data-name=\"radio-594\"><span class=\"wpcf7-form-control wpcf7-radio\"><span class=\"wpcf7-list-item first\"><label><input type=\"radio\" name=\"radio-594\" value=\"Primeros Auxilios en Salud Mental para Adultos\" checked=\"checked\" \/><span class=\"wpcf7-list-item-label\">Primeros Auxilios en Salud Mental para Adultos<\/span><\/label><\/span><span class=\"wpcf7-list-item last\"><label><input type=\"radio\" name=\"radio-594\" value=\"Primeros Auxilios en Salud Mental para J\u00f3venes\" \/><span class=\"wpcf7-list-item-label\">Primeros Auxilios en Salud Mental para J\u00f3venes<\/span><\/label><\/span><\/span><\/span>\n\t\t\t<\/p>\n\t\t<\/div>\n\t<\/div>\n\t<div class=\"col-sm-6\">\n\t\t<div class=\"form-group\">\n\t\t\t<p><label for=\"name\">Fechas de formaci\u00f3n<\/label><span class=\"wpcf7-form-control-wrap\" data-name=\"menu-177\"><select class=\"wpcf7-form-control wpcf7-select wpcf7-validates-as-required form-control\" aria-required=\"true\" aria-invalid=\"false\" name=\"menu-177\"><option value=\"Formaci\u00f3n MHFA para j\u00f3venes con el Programa de Educaci\u00f3n de Adultos del Distrito Escolar del Condado de Kershaw 22-Nov-24 Viernes de 9:00 a 15:00 Educaci\u00f3n de Adultos del Distrito Escolar del Condado de Kershaw 70 Innovation Way Camden SC 29020 Formaci\u00f3n MHFA para j\u00f3venes con los Boy Scouts 7-Dic-24 S\u00e1bado de 9:00 a 16:00 Iglesia Presbiteriana Seven Oaks, 530 St. Andrews Rd, Columbia, SC 29210 Formaci\u00f3n MHFA para j\u00f3venes con James B. Adams Senior Citizen Ministry 10-Dic-24 Martes de 9:00 a 16:00 Brookland-Lakeview Empowerment Center 1218 Batchelview Street West Columbia SC 29169 Adams Senior Citizen Ministry 10-Dic-24 Martes de 9:00 a 16:00 Brookland-Lakeview Empowerment Center 1218 Batchelor Street West Columbia SC 29169 Formaci\u00f3n MHFA para j\u00f3venes con la Universidad Estatal de Carolina del Sur 22-Feb-25 S\u00e1bado de 9:00 a 16:00 Universidad Estatal de Carolina del Sur - (Lugar por determinar) Formaci\u00f3n MHFA para j\u00f3venes con la Universidad del Sur 6-Dic-25 S\u00e1bado de 9:00 a 16:00 Universidad del Sur, 9 Science Court Columbia, S.C. 29203\">Formaci\u00f3n MHFA para j\u00f3venes con el Programa de Educaci\u00f3n de Adultos del Distrito Escolar del Condado de Kershaw 22-Nov-24 Viernes de 9:00 a 15:00 Educaci\u00f3n de Adultos del Distrito Escolar del Condado de Kershaw 70 Innovation Way Camden SC 29020 Formaci\u00f3n MHFA para j\u00f3venes con los Boy Scouts 7-Dic-24 S\u00e1bado de 9:00 a 16:00 Iglesia Presbiteriana Seven Oaks, 530 St. Andrews Rd, Columbia, SC 29210 Formaci\u00f3n MHFA para j\u00f3venes con James B. Adams Senior Citizen Ministry 10-Dic-24 Martes de 9:00 a 16:00 Brookland-Lakeview Empowerment Center 1218 Batchelview Street West Columbia SC 29169 Adams Senior Citizen Ministry 10-Dic-24 Martes de 9:00 a 16:00 Brookland-Lakeview Empowerment Center 1218 Batchelor Street West Columbia SC 29169 Formaci\u00f3n MHFA para j\u00f3venes con la Universidad Estatal de Carolina del Sur 22-Feb-25 S\u00e1bado de 9:00 a 16:00 Universidad Estatal de Carolina del Sur - (Lugar por determinar) Formaci\u00f3n MHFA para j\u00f3venes con la Universidad del Sur 6-Dic-25 S\u00e1bado de 9:00 a 16:00 Universidad del Sur, 9 Science Court Columbia, S.C. 29203<\/option><\/select><\/span>\n\t\t\t<\/p>\n\t\t<\/div>\n\t<\/div>\n\t<div class=\"col-md-12\">\n\t\t<div class=\"form-group pt-10 mb-0\">\n\t\t\t<p><input class=\"wpcf7-form-control wpcf7-submit has-spinner\" type=\"submit\" value=\"Enviar\" \/>\n\t\t\t<\/p>\n\t\t<\/div>\n\t<\/div>\n<\/div><p style=\"display: none !important;\" class=\"akismet-fields-container\" data-prefix=\"_wpcf7_ak_\"><label>&#916;<textarea name=\"_wpcf7_ak_hp_textarea\" cols=\"45\" rows=\"8\" maxlength=\"100\"><\/textarea><\/label><input type=\"hidden\" id=\"ak_js_1\" name=\"_wpcf7_ak_js\" value=\"187\"\/><script>document.getElementById( \"ak_js_1\" ).setAttribute( \"value\", ( new Date() ).getTime() );<\/script><\/p><div class=\"wpcf7-response-output\" aria-hidden=\"true\"><\/div>\n<\/form>\n<\/div>\n<\/div>\n\t\t\t\t\t\t<\/div>\n\t\t\t\t<\/div>\n\t\t\t\t\t<\/div>\n\t\t\t\t<\/div>\n\t\t\t\t<\/div>\n\t\t","protected":false},"excerpt":{"rendered":"<p>If you are a teen interested in Mental First Aid Training, Please DO NOT fill out this form. Please have a parent\/guardian or an adult at your school, church etc.. Contact us directly at mentalhealth@brookland.cc<\/p>\n","protected":false},"author":1,"featured_media":0,"parent":0,"menu_order":0,"comment_status":"closed","ping_status":"closed","template":"elementor_header_footer","meta":{"footnotes":""},"class_list":["post-6654","page","type-page","status-publish","hentry"],"_links":{"self":[{"href":"https:\/\/brooklandlakeview.org\/es\/wp-json\/wp\/v2\/pages\/6654","targetHints":{"allow":["GET"]}}],"collection":[{"href":"https:\/\/brooklandlakeview.org\/es\/wp-json\/wp\/v2\/pages"}],"about":[{"href":"https:\/\/brooklandlakeview.org\/es\/wp-json\/wp\/v2\/types\/page"}],"author":[{"embeddable":true,"href":"https:\/\/brooklandlakeview.org\/es\/wp-json\/wp\/v2\/users\/1"}],"replies":[{"embeddable":true,"href":"https:\/\/brooklandlakeview.org\/es\/wp-json\/wp\/v2\/comments?post=6654"}],"version-history":[{"count":5,"href":"https:\/\/brooklandlakeview.org\/es\/wp-json\/wp\/v2\/pages\/6654\/revisions"}],"predecessor-version":[{"id":7283,"href":"https:\/\/brooklandlakeview.org\/es\/wp-json\/wp\/v2\/pages\/6654\/revisions\/7283"}],"wp:attachment":[{"href":"https:\/\/brooklandlakeview.org\/es\/wp-json\/wp\/v2\/media?parent=6654"}],"curies":[{"name":"wp","href":"https:\/\/api.w.org\/{rel}","templated":true}]}}